{"id":2058,"date":"2025-06-18T11:01:51","date_gmt":"2025-06-18T09:01:51","guid":{"rendered":"https:\/\/scentisperfumes.com\/cookies\/"},"modified":"2025-06-18T11:07:24","modified_gmt":"2025-06-18T09:07:24","slug":"cookies","status":"publish","type":"page","link":"https:\/\/scentisperfumes.com\/es\/cookies\/","title":{"rendered":"Cookies"},"content":{"rendered":"\t\t<div data-elementor-type=\"wp-page\" data-elementor-id=\"2058\" class=\"elementor elementor-2058 elementor-2052\" data-elementor-post-type=\"page\">\n\t\t\t\t<div class=\"elementor-element elementor-element-a76e6fa e-flex e-con-boxed e-con e-parent\" data-id=\"a76e6fa\" data-element_type=\"container\">\n\t\t\t\t\t<div class=\"e-con-inner\">\n\t\t\t\t<div class=\"elementor-element elementor-element-5d3b640 elementor-widget elementor-widget-heading\" data-id=\"5d3b640\" data-element_type=\"widget\" data-widget_type=\"heading.default\">\n\t\t\t\t<div class=\"elementor-widget-container\">\n\t\t\t\t\t<h1 class=\"elementor-heading-title elementor-size-default\">Acerca de las Cookies<\/h1>\t\t\t\t<\/div>\n\t\t\t\t<\/div>\n\t\t\t\t<div class=\"elementor-element elementor-element-490463b elementor-widget elementor-widget-text-editor\" data-id=\"490463b\" data-element_type=\"widget\" data-widget_type=\"text-editor.default\">\n\t\t\t\t<div class=\"elementor-widget-container\">\n\t\t\t\t\t\t\t\t\t<p>Las cookies son peque\u00f1os archivos de texto o dispositivos que las p\u00e1ginas web pueden utilizar para almacenar y recuperar datos mientras navegas.<\/p><p>La ley establece que podemos almacenar cookies en tu dispositivo si son estrictamente necesarias para el funcionamiento de esta p\u00e1gina. Necesitamos tu consentimiento para almacenar cookies en tu dispositivo para todos los dem\u00e1s tipos de cookies. Este sitio web utiliza diferentes tipos de cookies. Algunas de estas cookies son proporcionadas por servicios de terceros que aparecen en nuestro sitio web.<\/p><h5>IDENTIFICACI\u00d3N DE LOS TIPOS DE COOKIES UTILIZADAS<\/h5><p>Las cookies se clasifican a continuaci\u00f3n por categor\u00eda. Sin embargo, debemos recordar que, en ocasiones, una misma cookie puede pertenecer a varias categor\u00edas:<\/p><p>Por la empresa que gestiona dichas cookies:<br \/>Cookies propias: Las cookies propias son aquellas que se env\u00edan al dispositivo del usuario desde un equipo o dominio gestionado por el editor y desde el que se presta el servicio solicitado por el usuario.<br \/>Cookies de terceros: Las cookies de terceros son aquellas que se env\u00edan al dispositivo del usuario desde un equipo o dominio que no es gestionado por el editor, sino por otra entidad que trata los datos obtenidos a trav\u00e9s de las cookies. Seg\u00fan el tiempo que permanecen activas:<br \/>Cookies de sesi\u00f3n: Este tipo de cookie est\u00e1 dise\u00f1ada para recopilar y almacenar datos mientras el usuario accede y permanece en un sitio web.<br \/>Cookies persistentes: Estas cookies tienen un periodo de caducidad m\u00e1ximo de 2 a\u00f1os desde su creaci\u00f3n, lo que significa que durante este tiempo los datos permanecer\u00e1n almacenados en el dispositivo y podr\u00e1n ser accedidos y tratados.<br \/>Seg\u00fan la finalidad del tratamiento de los datos obtenidos a trav\u00e9s de las cookies:<br \/>Cookies necesarias: Las cookies necesarias ayudan a que un sitio web sea utilizable al habilitar funciones b\u00e1sicas como la navegaci\u00f3n y el acceso a \u00e1reas seguras del sitio web. El sitio web no puede funcionar correctamente sin estas cookies.<br \/>Cookies de preferencia: Las cookies de preferencia permiten que un sitio web recuerde informaci\u00f3n que cambia su comportamiento o apariencia, como su idioma preferido o la regi\u00f3n en la que se encuentra.<br \/>Cookies de marketing: Las cookies de marketing se utilizan para rastrear a los visitantes en los sitios web. Su prop\u00f3sito es mostrar anuncios relevantes y atractivos para los usuarios individuales y, por lo tanto, m\u00e1s valiosos para los editores y anunciantes externos. Cookies estad\u00edsticas: Las cookies estad\u00edsticas ayudan a los propietarios de sitios web a comprender c\u00f3mo interact\u00faan los visitantes con los sitios web mediante la recopilaci\u00f3n y el reporte de informaci\u00f3n an\u00f3nima.<br \/>Cookies no clasificadas: Las cookies no clasificadas son cookies que estamos clasificando, junto con los proveedores de cookies individuales.<\/p><h5>CONSENTIMIENTO DE COOKIES<\/h5><h6>TIPOS DE COOKIES UTILIZADAS POR ESTE SITIO WEB<\/h6><p>Nuestro sitio web utiliza cookies propias y de terceros que nos permiten almacenar y acceder a informaci\u00f3n sobre el idioma, el tipo de navegador utilizado y caracter\u00edsticas generales predefinidas por el usuario. Estas cookies tambi\u00e9n nos permiten monitorizar y analizar la actividad del usuario, lo que nos permite mejorar y prestar nuestros servicios de forma m\u00e1s eficiente y personalizada.<\/p><h5>DESACTIVACI\u00d3N DE COOKIES<\/h5><p>Tambi\u00e9n puede permitir, bloquear o eliminar las cookies almacenadas en su dispositivo mediante la configuraci\u00f3n del navegador instalado en su dispositivo. Sin embargo, tenga en cuenta que si decide cambiar la configuraci\u00f3n de cookies, el servicio prestado a trav\u00e9s de diferentes sitios web podr\u00eda verse afectado parcial o totalmente.<\/p><p>Lea atentamente la secci\u00f3n de Ayuda de su navegador para obtener m\u00e1s informaci\u00f3n sobre c\u00f3mo activar el \u00abmodo privado\u00bb o desbloquear determinadas cookies. Internet Explorer: Puede consultar el soporte de Microsoft o la secci\u00f3n de ayuda del navegador.<br \/>Firefox: Puede consultar el soporte de Mozilla o la secci\u00f3n de ayuda del navegador.<br \/>Chrome: Puede consultar el soporte de Google o la secci\u00f3n de ayuda del navegador.<br \/>Safari: Puede consultar el soporte de Apple o la secci\u00f3n de ayuda del navegador.<\/p><p>El responsable de este sitio web desea enfatizar que los cambios en las cookies que aparecen en este sitio web pueden no estar relacionados con la gesti\u00f3n y el mantenimiento del mismo, por lo que se realizan revisiones peri\u00f3dicas para ajustar su pol\u00edtica de cookies.<\/p><p>El responsable de este sitio web no asume ninguna responsabilidad por problemas legales o t\u00e9cnicos derivados del incumplimiento de las recomendaciones por parte del usuario. El objetivo de este aviso es informar a los usuarios para que utilicen esta informaci\u00f3n adecuadamente, por lo que no debe utilizarse para ning\u00fan otro fin. Asimismo, se advierte que no nos hacemos responsables del contenido ni de la veracidad de las pol\u00edticas de privacidad de terceros incluidas en esta pol\u00edtica de cookies.<\/p><h5>ACTUALIZACIONES Y CAMBIOS EN LA POL\u00cdTICA DE COOKIES<\/h5><p>Esta Pol\u00edtica de Cookies podr\u00eda modificarse seg\u00fan las exigencias legales o reglamentarias, o para adaptarla a las instrucciones de la Agencia Espa\u00f1ola de Protecci\u00f3n de Datos. Por lo tanto, se recomienda a los usuarios que la revisen peri\u00f3dicamente.<\/p><p>Inf\u00f3rmese sobre qui\u00e9nes somos, c\u00f3mo puede contactarnos y c\u00f3mo tratamos sus datos personales en nuestra <a href=\"\/es\/privacidad\/\">Pol\u00edtica de Privacidad<\/a>.<\/p>\t\t\t\t\t\t\t\t<\/div>\n\t\t\t\t<\/div>\n\t\t\t\t\t<\/div>\n\t\t\t\t<\/div>\n\t\t\t\t<\/div>\n\t\t","protected":false},"excerpt":{"rendered":"<p>Acerca de las Cookies Las cookies son peque\u00f1os archivos de texto o dispositivos que las p\u00e1ginas web pueden utilizar para almacenar y recuperar datos mientras navegas. La ley establece que podemos almacenar cookies en tu dispositivo si son estrictamente necesarias para el funcionamiento de esta p\u00e1gina. Necesitamos tu consentimiento para almacenar cookies en tu dispositivo [&hellip;]<\/p>\n","protected":false},"author":2,"featured_media":0,"parent":0,"menu_order":0,"comment_status":"closed","ping_status":"closed","template":"","meta":{"footnotes":""},"class_list":["post-2058","page","type-page","status-publish","hentry"],"yoast_head":"<!-- This site is optimized with the Yoast SEO plugin v26.5 - https:\/\/yoast.com\/wordpress\/plugins\/seo\/ -->\n<title>Cookies - Scentis Perfumes<\/title>\n<meta name=\"robots\" content=\"index, follow, max-snippet:-1, max-image-preview:large, max-video-preview:-1\" \/>\n<link rel=\"canonical\" href=\"https:\/\/scentisperfumes.com\/es\/cookies\/\" \/>\n<meta property=\"og:locale\" content=\"es_ES\" \/>\n<meta property=\"og:type\" content=\"article\" \/>\n<meta property=\"og:title\" content=\"Cookies - Scentis Perfumes\" \/>\n<meta property=\"og:description\" content=\"Acerca de las Cookies Las cookies son peque\u00f1os archivos de texto o dispositivos que las p\u00e1ginas web pueden utilizar para almacenar y recuperar datos mientras navegas. La ley establece que podemos almacenar cookies en tu dispositivo si son estrictamente necesarias para el funcionamiento de esta p\u00e1gina. Necesitamos tu consentimiento para almacenar cookies en tu dispositivo [&hellip;]\" \/>\n<meta property=\"og:url\" content=\"https:\/\/scentisperfumes.com\/es\/cookies\/\" \/>\n<meta property=\"og:site_name\" content=\"Scentis Perfumes\" \/>\n<meta property=\"article:modified_time\" content=\"2025-06-18T09:07:24+00:00\" \/>\n<meta name=\"twitter:card\" content=\"summary_large_image\" \/>\n<meta name=\"twitter:label1\" content=\"Tiempo de lectura\" \/>\n\t<meta name=\"twitter:data1\" content=\"4 minutos\" \/>\n<script type=\"application\/ld+json\" class=\"yoast-schema-graph\">{\"@context\":\"https:\/\/schema.org\",\"@graph\":[{\"@type\":\"WebPage\",\"@id\":\"https:\/\/scentisperfumes.com\/es\/cookies\/\",\"url\":\"https:\/\/scentisperfumes.com\/es\/cookies\/\",\"name\":\"Cookies - Scentis Perfumes\",\"isPartOf\":{\"@id\":\"https:\/\/scentisperfumes.com\/es\/#website\"},\"datePublished\":\"2025-06-18T09:01:51+00:00\",\"dateModified\":\"2025-06-18T09:07:24+00:00\",\"breadcrumb\":{\"@id\":\"https:\/\/scentisperfumes.com\/es\/cookies\/#breadcrumb\"},\"inLanguage\":\"es\",\"potentialAction\":[{\"@type\":\"ReadAction\",\"target\":[\"https:\/\/scentisperfumes.com\/es\/cookies\/\"]}]},{\"@type\":\"BreadcrumbList\",\"@id\":\"https:\/\/scentisperfumes.com\/es\/cookies\/#breadcrumb\",\"itemListElement\":[{\"@type\":\"ListItem\",\"position\":1,\"name\":\"Portada\",\"item\":\"https:\/\/scentisperfumes.com\/es\/\"},{\"@type\":\"ListItem\",\"position\":2,\"name\":\"Cookies\"}]},{\"@type\":\"WebSite\",\"@id\":\"https:\/\/scentisperfumes.com\/es\/#website\",\"url\":\"https:\/\/scentisperfumes.com\/es\/\",\"name\":\"Scentis Perfumes\",\"description\":\"A fragrance, a story\",\"publisher\":{\"@id\":\"https:\/\/scentisperfumes.com\/es\/#organization\"},\"potentialAction\":[{\"@type\":\"SearchAction\",\"target\":{\"@type\":\"EntryPoint\",\"urlTemplate\":\"https:\/\/scentisperfumes.com\/es\/?s={search_term_string}\"},\"query-input\":{\"@type\":\"PropertyValueSpecification\",\"valueRequired\":true,\"valueName\":\"search_term_string\"}}],\"inLanguage\":\"es\"},{\"@type\":\"Organization\",\"@id\":\"https:\/\/scentisperfumes.com\/es\/#organization\",\"name\":\"Scentis Perfumes\",\"url\":\"https:\/\/scentisperfumes.com\/es\/\",\"logo\":{\"@type\":\"ImageObject\",\"inLanguage\":\"es\",\"@id\":\"https:\/\/scentisperfumes.com\/es\/#\/schema\/logo\/image\/\",\"url\":\"\",\"contentUrl\":\"\",\"caption\":\"Scentis Perfumes\"},\"image\":{\"@id\":\"https:\/\/scentisperfumes.com\/es\/#\/schema\/logo\/image\/\"}}]}<\/script>\n<!-- \/ Yoast SEO plugin. -->","yoast_head_json":{"title":"Cookies - Scentis Perfumes","robots":{"index":"index","follow":"follow","max-snippet":"max-snippet:-1","max-image-preview":"max-image-preview:large","max-video-preview":"max-video-preview:-1"},"canonical":"https:\/\/scentisperfumes.com\/es\/cookies\/","og_locale":"es_ES","og_type":"article","og_title":"Cookies - Scentis Perfumes","og_description":"Acerca de las Cookies Las cookies son peque\u00f1os archivos de texto o dispositivos que las p\u00e1ginas web pueden utilizar para almacenar y recuperar datos mientras navegas. La ley establece que podemos almacenar cookies en tu dispositivo si son estrictamente necesarias para el funcionamiento de esta p\u00e1gina. Necesitamos tu consentimiento para almacenar cookies en tu dispositivo [&hellip;]","og_url":"https:\/\/scentisperfumes.com\/es\/cookies\/","og_site_name":"Scentis Perfumes","article_modified_time":"2025-06-18T09:07:24+00:00","twitter_card":"summary_large_image","twitter_misc":{"Tiempo de lectura":"4 minutos"},"schema":{"@context":"https:\/\/schema.org","@graph":[{"@type":"WebPage","@id":"https:\/\/scentisperfumes.com\/es\/cookies\/","url":"https:\/\/scentisperfumes.com\/es\/cookies\/","name":"Cookies - Scentis Perfumes","isPartOf":{"@id":"https:\/\/scentisperfumes.com\/es\/#website"},"datePublished":"2025-06-18T09:01:51+00:00","dateModified":"2025-06-18T09:07:24+00:00","breadcrumb":{"@id":"https:\/\/scentisperfumes.com\/es\/cookies\/#breadcrumb"},"inLanguage":"es","potentialAction":[{"@type":"ReadAction","target":["https:\/\/scentisperfumes.com\/es\/cookies\/"]}]},{"@type":"BreadcrumbList","@id":"https:\/\/scentisperfumes.com\/es\/cookies\/#breadcrumb","itemListElement":[{"@type":"ListItem","position":1,"name":"Portada","item":"https:\/\/scentisperfumes.com\/es\/"},{"@type":"ListItem","position":2,"name":"Cookies"}]},{"@type":"WebSite","@id":"https:\/\/scentisperfumes.com\/es\/#website","url":"https:\/\/scentisperfumes.com\/es\/","name":"Scentis Perfumes","description":"A fragrance, a story","publisher":{"@id":"https:\/\/scentisperfumes.com\/es\/#organization"},"potentialAction":[{"@type":"SearchAction","target":{"@type":"EntryPoint","urlTemplate":"https:\/\/scentisperfumes.com\/es\/?s={search_term_string}"},"query-input":{"@type":"PropertyValueSpecification","valueRequired":true,"valueName":"search_term_string"}}],"inLanguage":"es"},{"@type":"Organization","@id":"https:\/\/scentisperfumes.com\/es\/#organization","name":"Scentis Perfumes","url":"https:\/\/scentisperfumes.com\/es\/","logo":{"@type":"ImageObject","inLanguage":"es","@id":"https:\/\/scentisperfumes.com\/es\/#\/schema\/logo\/image\/","url":"","contentUrl":"","caption":"Scentis Perfumes"},"image":{"@id":"https:\/\/scentisperfumes.com\/es\/#\/schema\/logo\/image\/"}}]}},"_links":{"self":[{"href":"https:\/\/scentisperfumes.com\/es\/wp-json\/wp\/v2\/pages\/2058","targetHints":{"allow":["GET"]}}],"collection":[{"href":"https:\/\/scentisperfumes.com\/es\/wp-json\/wp\/v2\/pages"}],"about":[{"href":"https:\/\/scentisperfumes.com\/es\/wp-json\/wp\/v2\/types\/page"}],"author":[{"embeddable":true,"href":"https:\/\/scentisperfumes.com\/es\/wp-json\/wp\/v2\/users\/2"}],"replies":[{"embeddable":true,"href":"https:\/\/scentisperfumes.com\/es\/wp-json\/wp\/v2\/comments?post=2058"}],"version-history":[{"count":4,"href":"https:\/\/scentisperfumes.com\/es\/wp-json\/wp\/v2\/pages\/2058\/revisions"}],"predecessor-version":[{"id":2062,"href":"https:\/\/scentisperfumes.com\/es\/wp-json\/wp\/v2\/pages\/2058\/revisions\/2062"}],"wp:attachment":[{"href":"https:\/\/scentisperfumes.com\/es\/wp-json\/wp\/v2\/media?parent=2058"}],"curies":[{"name":"wp","href":"https:\/\/api.w.org\/{rel}","templated":true}]}}