{"id":2041,"date":"2025-02-13T16:16:12","date_gmt":"2025-02-13T15:16:12","guid":{"rendered":"https:\/\/scentisperfumes.com\/privacy\/"},"modified":"2025-06-19T15:38:40","modified_gmt":"2025-06-19T13:38:40","slug":"privacidad","status":"publish","type":"page","link":"https:\/\/scentisperfumes.com\/es\/privacidad\/","title":{"rendered":"Privacidad"},"content":{"rendered":"\t\t<div data-elementor-type=\"wp-page\" data-elementor-id=\"2041\" class=\"elementor elementor-2041 elementor-1119\" data-elementor-post-type=\"page\">\n\t\t\t\t<div class=\"elementor-element elementor-element-a76e6fa e-flex e-con-boxed e-con e-parent\" data-id=\"a76e6fa\" data-element_type=\"container\" data-settings=\"{&quot;background_background&quot;:&quot;classic&quot;}\">\n\t\t\t\t\t<div class=\"e-con-inner\">\n\t\t\t\t<div class=\"elementor-element elementor-element-5d3b640 elementor-widget elementor-widget-heading\" data-id=\"5d3b640\" data-element_type=\"widget\" data-widget_type=\"heading.default\">\n\t\t\t\t<div class=\"elementor-widget-container\">\n\t\t\t\t\t<h1 class=\"elementor-heading-title elementor-size-default\">Privacidad<\/h1>\t\t\t\t<\/div>\n\t\t\t\t<\/div>\n\t\t\t\t<div class=\"elementor-element elementor-element-490463b elementor-widget elementor-widget-text-editor\" data-id=\"490463b\" data-element_type=\"widget\" data-widget_type=\"text-editor.default\">\n\t\t\t\t<div class=\"elementor-widget-container\">\n\t\t\t\t\t\t\t\t\t<div class=\"fl-module fl-module-rich-text fl-node-609ac51f17a42\" data-node=\"609ac51f17a42\"><div class=\"fl-module-content fl-node-content\"><div class=\"fl-rich-text\"><h3><strong>1. Aviso legal e informaci\u00f3n<\/strong><\/h3><p>Este Aviso Legal regula el uso del sitio web propiedad de Scentis Perfumes S.L., con domicilio social en Calvet 3 &#8211; 08021 Barcelona y C.I.F.: B10964732, que se pone a disposici\u00f3n de los usuarios de Internet.<\/p><p>El uso del sitio web confiere la condici\u00f3n de usuario e implica la aceptaci\u00f3n plena y sin reservas de todas las disposiciones contenidas en esta pol\u00edtica de privacidad desde el momento en que se accede al sitio web.<\/p><p>Por tanto, el usuario debe leer detenidamente este texto cada vez que acceda al sitio web, ya que los contenidos pueden sufrir modificaciones.<\/p><h3><strong>2. Objeto<\/strong><\/h3><p>Este sitio web, propiedad de Scentis Perfumes S.L., ha sido creado y dise\u00f1ado para dar a conocer los productos y servicios de la entidad y permitir el acceso general a todos los usuarios de Internet.<\/p><p>El acceso y\/o uso del sitio web otorga al visitante la condici\u00f3n de usuario e implica su aceptaci\u00f3n, sin reservas, de todas las condiciones generales presentes, as\u00ed como de aquellas condiciones particulares que, en su caso, puedan requerirse para el uso del Portal o de los servicios.<\/p><p>Scentis Perfumes S.L. se reserva el derecho, en cualquier momento y sin previo aviso, de realizar modificaciones o actualizaciones en los contenidos y servicios, en las normas de acceso vigentes y, en general, en cualquier elemento del dise\u00f1o y configuraci\u00f3n de su sitio web.<\/p><h3>3. Condiciones de acceso a la web<\/h3><p>3.1 Naturaleza del uso del sitio web<\/p><p>El objetivo del sitio web es establecer un canal de comunicaci\u00f3n entre la empresa y sus clientes o interesados a trav\u00e9s de Internet. No se solicitan ni se recogen datos personales que requieran un nivel alto de seguridad.<\/p><p>3.2 Veracidad de la informaci\u00f3n<\/p><p>Existe una direcci\u00f3n de correo electr\u00f3nico disponible para que los usuarios puedan enviar su CV. En cualquier caso, el usuario ser\u00e1 el \u00fanico responsable de las declaraciones falsas o inexactas que realice.<\/p><h3><strong>4. Uso del sitio web<\/strong><\/h3><p>El usuario se compromete a utilizar el sitio web conforme a la Ley 15\/1999, el Real Decreto 1720\/2007, la Ley 34\/2002 y dem\u00e1s normativa complementaria, as\u00ed como a la moral, las buenas costumbres y el orden p\u00fablico.<\/p><p>El usuario se compromete a no utilizar la informaci\u00f3n relativa a las actividades o servicios del sitio web para realizar actividades contrarias a la ley, la moral o el orden p\u00fablico y, en general, a no hacer uso del mismo de forma contraria a estas condiciones generales.<\/p><p>En este sentido, el usuario se abstendr\u00e1 de utilizar los contenidos del sitio web con fines il\u00edcitos, prohibidos o que puedan da\u00f1ar los derechos e intereses de terceros, o que de cualquier forma puedan da\u00f1ar, inutilizar o impedir el uso normal de los contenidos del sitio por parte de otros usuarios o de cualquier usuario de Internet.<\/p><p>Los usuarios responder\u00e1n por los da\u00f1os y perjuicios de cualquier naturaleza que Scentis Perfumes S.L. pueda sufrir, directa o indirectamente, como consecuencia del incumplimiento de las obligaciones derivadas del uso del sitio web y esta pol\u00edtica.<\/p><p>En particular, y a t\u00edtulo meramente enunciativo, el usuario se compromete a no transmitir, difundir o poner a disposici\u00f3n de terceros informaci\u00f3n, datos, contenidos, mensajes, gr\u00e1ficos, dibujos, archivos de sonido, fotograf\u00edas o im\u00e1genes del sitio web.<\/p><p><strong>5. Uso del c\u00f3digo fuente<\/strong><\/p><p>El c\u00f3digo fuente, los dise\u00f1os gr\u00e1ficos, im\u00e1genes, fotograf\u00edas, animaciones, el programa, los textos, la informaci\u00f3n y los contenidos incluidos en el sitio est\u00e1n protegidos por la legislaci\u00f3n espa\u00f1ola. No se permite su reproducci\u00f3n total o parcial ni su uso en ning\u00fan sistema inform\u00e1tico sin autorizaci\u00f3n previa y por escrito de sus propietarios.<\/p><p><strong>6. Contenidos del sitio web<\/strong><\/p><p>Los contenidos del sitio web son puestos a disposici\u00f3n del usuario por Scentis Perfumes S.L., ya sea como informaci\u00f3n propia o, si procede, de terceros. Scentis Perfumes S.L. adoptar\u00e1 todos los medios razonables a su alcance para garantizar que los contenidos sean exactos y est\u00e9n actualizados.<\/p><p>El usuario se compromete a utilizar los contenidos del sitio web conforme a la ley, esta pol\u00edtica de privacidad, los avisos legales, normativas de uso y dem\u00e1s documentos disponibles, as\u00ed como a la moral, las buenas costumbres y el orden p\u00fablico. Su uso con fines comerciales, su distribuci\u00f3n, modificaci\u00f3n o alteraci\u00f3n est\u00e1 estrictamente prohibido.<\/p><h3>7. Enlaces<\/h3><p>El sitio web puede incluir enlaces a sitios propiedad y\/o gestionados por terceros, disponibles a trav\u00e9s de Internet.<\/p><p>Scentis Perfumes S.L. no asume ninguna responsabilidad por la existencia de enlaces a contenidos externos. La inclusi\u00f3n de estos enlaces no implica relaci\u00f3n alguna, respaldo o promoci\u00f3n por parte de Scentis Perfumes S.L. con respecto a los sitios enlazados.<\/p><h3><strong>8. Protecci\u00f3n de datos<\/strong><\/h3><p>En cumplimiento de la legislaci\u00f3n sobre protecci\u00f3n de datos personales, Scentis Perfumes S.L. informa al usuario de la existencia de ficheros automatizados de datos personales creados por la empresa, de los que es responsable, con el fin de gestionar la relaci\u00f3n contractual con sus clientes. Los usuarios podr\u00e1n ejercer sus derechos de acceso, rectificaci\u00f3n, cancelaci\u00f3n y oposici\u00f3n mediante escrito dirigido a Scentis Perfumes S.L., con domicilio en Calvet 3 &#8211; 08021 Barcelona, adjuntando fotocopia del DNI u otro documento acreditativo.<\/p><p>Scentis Perfumes S.L. podr\u00e1 recibir datos personales para gestionar candidaturas laborales a trav\u00e9s de su direcci\u00f3n de correo electr\u00f3nico. En tal caso, la empresa se compromete a respetar la confidencialidad de dichos datos y a custodiar y eliminar la informaci\u00f3n, adoptando las medidas de seguridad exigidas por la normativa vigente para evitar su alteraci\u00f3n, p\u00e9rdida, tratamiento o acceso no autorizado.<\/p><p>El usuario que env\u00ede su curr\u00edculum autoriza a Scentis Perfumes S.L. a enviarle comunicaciones relacionadas exclusivamente con los servicios de la empresa. Si no desea recibir dichas comunicaciones, deber\u00e1 comunicarlo por escrito a la direcci\u00f3n indicada en el punto 1 de esta cl\u00e1usula, incluyendo la fecha y firma original.<\/p><\/div><\/div><\/div>\t\t\t\t\t\t\t\t<\/div>\n\t\t\t\t<\/div>\n\t\t\t\t\t<\/div>\n\t\t\t\t<\/div>\n\t\t\t\t<\/div>\n\t\t","protected":false},"excerpt":{"rendered":"<p>Privacidad 1. Aviso legal e informaci\u00f3n Este Aviso Legal regula el uso del sitio web propiedad de Scentis Perfumes S.L., con domicilio social en Calvet 3 &#8211; 08021 Barcelona y C.I.F.: B10964732, que se pone a disposici\u00f3n de los usuarios de Internet. El uso del sitio web confiere la condici\u00f3n de usuario e implica la [&hellip;]<\/p>\n","protected":false},"author":2,"featured_media":0,"parent":0,"menu_order":0,"comment_status":"closed","ping_status":"closed","template":"","meta":{"footnotes":""},"class_list":["post-2041","page","type-page","status-publish","hentry"],"yoast_head":"<!-- This site is optimized with the Yoast SEO plugin v26.5 - https:\/\/yoast.com\/wordpress\/plugins\/seo\/ -->\n<title>Privacidad - Scentis Perfumes<\/title>\n<meta name=\"robots\" content=\"index, follow, max-snippet:-1, max-image-preview:large, max-video-preview:-1\" \/>\n<link rel=\"canonical\" href=\"https:\/\/scentisperfumes.com\/es\/privacidad\/\" \/>\n<meta property=\"og:locale\" content=\"es_ES\" \/>\n<meta property=\"og:type\" content=\"article\" \/>\n<meta property=\"og:title\" content=\"Privacidad - Scentis Perfumes\" \/>\n<meta property=\"og:description\" content=\"Privacidad 1. Aviso legal e informaci\u00f3n Este Aviso Legal regula el uso del sitio web propiedad de Scentis Perfumes S.L., con domicilio social en Calvet 3 &#8211; 08021 Barcelona y C.I.F.: B10964732, que se pone a disposici\u00f3n de los usuarios de Internet. El uso del sitio web confiere la condici\u00f3n de usuario e implica la [&hellip;]\" \/>\n<meta property=\"og:url\" content=\"https:\/\/scentisperfumes.com\/es\/privacidad\/\" \/>\n<meta property=\"og:site_name\" content=\"Scentis Perfumes\" \/>\n<meta property=\"article:modified_time\" content=\"2025-06-19T13:38:40+00:00\" \/>\n<meta name=\"twitter:card\" content=\"summary_large_image\" \/>\n<meta name=\"twitter:label1\" content=\"Tiempo de lectura\" \/>\n\t<meta name=\"twitter:data1\" content=\"5 minutos\" \/>\n<script type=\"application\/ld+json\" class=\"yoast-schema-graph\">{\"@context\":\"https:\/\/schema.org\",\"@graph\":[{\"@type\":\"WebPage\",\"@id\":\"https:\/\/scentisperfumes.com\/es\/privacidad\/\",\"url\":\"https:\/\/scentisperfumes.com\/es\/privacidad\/\",\"name\":\"Privacidad - Scentis Perfumes\",\"isPartOf\":{\"@id\":\"https:\/\/scentisperfumes.com\/es\/#website\"},\"datePublished\":\"2025-02-13T15:16:12+00:00\",\"dateModified\":\"2025-06-19T13:38:40+00:00\",\"breadcrumb\":{\"@id\":\"https:\/\/scentisperfumes.com\/es\/privacidad\/#breadcrumb\"},\"inLanguage\":\"es\",\"potentialAction\":[{\"@type\":\"ReadAction\",\"target\":[\"https:\/\/scentisperfumes.com\/es\/privacidad\/\"]}]},{\"@type\":\"BreadcrumbList\",\"@id\":\"https:\/\/scentisperfumes.com\/es\/privacidad\/#breadcrumb\",\"itemListElement\":[{\"@type\":\"ListItem\",\"position\":1,\"name\":\"Portada\",\"item\":\"https:\/\/scentisperfumes.com\/es\/\"},{\"@type\":\"ListItem\",\"position\":2,\"name\":\"Privacidad\"}]},{\"@type\":\"WebSite\",\"@id\":\"https:\/\/scentisperfumes.com\/es\/#website\",\"url\":\"https:\/\/scentisperfumes.com\/es\/\",\"name\":\"Scentis Perfumes\",\"description\":\"A fragrance, a story\",\"publisher\":{\"@id\":\"https:\/\/scentisperfumes.com\/es\/#organization\"},\"potentialAction\":[{\"@type\":\"SearchAction\",\"target\":{\"@type\":\"EntryPoint\",\"urlTemplate\":\"https:\/\/scentisperfumes.com\/es\/?s={search_term_string}\"},\"query-input\":{\"@type\":\"PropertyValueSpecification\",\"valueRequired\":true,\"valueName\":\"search_term_string\"}}],\"inLanguage\":\"es\"},{\"@type\":\"Organization\",\"@id\":\"https:\/\/scentisperfumes.com\/es\/#organization\",\"name\":\"Scentis Perfumes\",\"url\":\"https:\/\/scentisperfumes.com\/es\/\",\"logo\":{\"@type\":\"ImageObject\",\"inLanguage\":\"es\",\"@id\":\"https:\/\/scentisperfumes.com\/es\/#\/schema\/logo\/image\/\",\"url\":\"\",\"contentUrl\":\"\",\"caption\":\"Scentis Perfumes\"},\"image\":{\"@id\":\"https:\/\/scentisperfumes.com\/es\/#\/schema\/logo\/image\/\"}}]}<\/script>\n<!-- \/ Yoast SEO plugin. -->","yoast_head_json":{"title":"Privacidad - Scentis Perfumes","robots":{"index":"index","follow":"follow","max-snippet":"max-snippet:-1","max-image-preview":"max-image-preview:large","max-video-preview":"max-video-preview:-1"},"canonical":"https:\/\/scentisperfumes.com\/es\/privacidad\/","og_locale":"es_ES","og_type":"article","og_title":"Privacidad - Scentis Perfumes","og_description":"Privacidad 1. Aviso legal e informaci\u00f3n Este Aviso Legal regula el uso del sitio web propiedad de Scentis Perfumes S.L., con domicilio social en Calvet 3 &#8211; 08021 Barcelona y C.I.F.: B10964732, que se pone a disposici\u00f3n de los usuarios de Internet. El uso del sitio web confiere la condici\u00f3n de usuario e implica la [&hellip;]","og_url":"https:\/\/scentisperfumes.com\/es\/privacidad\/","og_site_name":"Scentis Perfumes","article_modified_time":"2025-06-19T13:38:40+00:00","twitter_card":"summary_large_image","twitter_misc":{"Tiempo de lectura":"5 minutos"},"schema":{"@context":"https:\/\/schema.org","@graph":[{"@type":"WebPage","@id":"https:\/\/scentisperfumes.com\/es\/privacidad\/","url":"https:\/\/scentisperfumes.com\/es\/privacidad\/","name":"Privacidad - Scentis Perfumes","isPartOf":{"@id":"https:\/\/scentisperfumes.com\/es\/#website"},"datePublished":"2025-02-13T15:16:12+00:00","dateModified":"2025-06-19T13:38:40+00:00","breadcrumb":{"@id":"https:\/\/scentisperfumes.com\/es\/privacidad\/#breadcrumb"},"inLanguage":"es","potentialAction":[{"@type":"ReadAction","target":["https:\/\/scentisperfumes.com\/es\/privacidad\/"]}]},{"@type":"BreadcrumbList","@id":"https:\/\/scentisperfumes.com\/es\/privacidad\/#breadcrumb","itemListElement":[{"@type":"ListItem","position":1,"name":"Portada","item":"https:\/\/scentisperfumes.com\/es\/"},{"@type":"ListItem","position":2,"name":"Privacidad"}]},{"@type":"WebSite","@id":"https:\/\/scentisperfumes.com\/es\/#website","url":"https:\/\/scentisperfumes.com\/es\/","name":"Scentis Perfumes","description":"A fragrance, a story","publisher":{"@id":"https:\/\/scentisperfumes.com\/es\/#organization"},"potentialAction":[{"@type":"SearchAction","target":{"@type":"EntryPoint","urlTemplate":"https:\/\/scentisperfumes.com\/es\/?s={search_term_string}"},"query-input":{"@type":"PropertyValueSpecification","valueRequired":true,"valueName":"search_term_string"}}],"inLanguage":"es"},{"@type":"Organization","@id":"https:\/\/scentisperfumes.com\/es\/#organization","name":"Scentis Perfumes","url":"https:\/\/scentisperfumes.com\/es\/","logo":{"@type":"ImageObject","inLanguage":"es","@id":"https:\/\/scentisperfumes.com\/es\/#\/schema\/logo\/image\/","url":"","contentUrl":"","caption":"Scentis Perfumes"},"image":{"@id":"https:\/\/scentisperfumes.com\/es\/#\/schema\/logo\/image\/"}}]}},"_links":{"self":[{"href":"https:\/\/scentisperfumes.com\/es\/wp-json\/wp\/v2\/pages\/2041","targetHints":{"allow":["GET"]}}],"collection":[{"href":"https:\/\/scentisperfumes.com\/es\/wp-json\/wp\/v2\/pages"}],"about":[{"href":"https:\/\/scentisperfumes.com\/es\/wp-json\/wp\/v2\/types\/page"}],"author":[{"embeddable":true,"href":"https:\/\/scentisperfumes.com\/es\/wp-json\/wp\/v2\/users\/2"}],"replies":[{"embeddable":true,"href":"https:\/\/scentisperfumes.com\/es\/wp-json\/wp\/v2\/comments?post=2041"}],"version-history":[{"count":8,"href":"https:\/\/scentisperfumes.com\/es\/wp-json\/wp\/v2\/pages\/2041\/revisions"}],"predecessor-version":[{"id":2089,"href":"https:\/\/scentisperfumes.com\/es\/wp-json\/wp\/v2\/pages\/2041\/revisions\/2089"}],"wp:attachment":[{"href":"https:\/\/scentisperfumes.com\/es\/wp-json\/wp\/v2\/media?parent=2041"}],"curies":[{"name":"wp","href":"https:\/\/api.w.org\/{rel}","templated":true}]}}