{"id":1909,"date":"2025-02-13T13:00:20","date_gmt":"2025-02-13T12:00:20","guid":{"rendered":"https:\/\/scentisperfumes.com\/marcas\/comporta\/"},"modified":"2025-12-04T09:18:56","modified_gmt":"2025-12-04T08:18:56","slug":"comporta","status":"publish","type":"page","link":"https:\/\/scentisperfumes.com\/es\/marcas\/comporta\/","title":{"rendered":"Comporta"},"content":{"rendered":"\t\t<div data-elementor-type=\"wp-page\" data-elementor-id=\"1909\" class=\"elementor elementor-1909 elementor-1051\" data-elementor-post-type=\"page\">\n\t\t\t\t<div class=\"elementor-element elementor-element-97478b9 e-con-full e-flex e-con e-parent\" data-id=\"97478b9\" data-element_type=\"container\" id=\"head_img\" data-settings=\"{&quot;background_background&quot;:&quot;classic&quot;}\">\n\t\t\t\t<\/div>\n\t\t<div class=\"elementor-element elementor-element-2727b02 e-flex e-con-boxed e-con e-parent\" data-id=\"2727b02\" data-element_type=\"container\">\n\t\t\t\t\t<div class=\"e-con-inner\">\n\t\t<div class=\"elementor-element elementor-element-99a3ba9 e-con-full e-flex e-con e-child\" data-id=\"99a3ba9\" data-element_type=\"container\">\n\t\t\t\t<div class=\"elementor-element elementor-element-9ff3d60 elementor-widget elementor-widget-heading\" data-id=\"9ff3d60\" data-element_type=\"widget\" data-widget_type=\"heading.default\">\n\t\t\t\t<div class=\"elementor-widget-container\">\n\t\t\t\t\t<h1 class=\"elementor-heading-title elementor-size-default\">Comporta<\/h1>\t\t\t\t<\/div>\n\t\t\t\t<\/div>\n\t\t\t\t<div class=\"elementor-element elementor-element-cd158d0 elementor-widget elementor-widget-heading\" data-id=\"cd158d0\" data-element_type=\"widget\" data-widget_type=\"heading.default\">\n\t\t\t\t<div class=\"elementor-widget-container\">\n\t\t\t\t\t<h2 class=\"elementor-heading-title elementor-size-default\">Un viaje a trav\u00e9s de la esencia de la costa del Alentejo<\/h2>\t\t\t\t<\/div>\n\t\t\t\t<\/div>\n\t\t\t\t<div class=\"elementor-element elementor-element-07f30b9 elementor-widget elementor-widget-button\" data-id=\"07f30b9\" data-element_type=\"widget\" data-widget_type=\"button.default\">\n\t\t\t\t<div class=\"elementor-widget-container\">\n\t\t\t\t\t\t\t\t\t<div class=\"elementor-button-wrapper\">\n\t\t\t\t\t<a class=\"elementor-button elementor-button-link elementor-size-sm\" href=\"https:\/\/scentisperfumes.com\/es\/contacto\">\n\t\t\t\t\t\t<span class=\"elementor-button-content-wrapper\">\n\t\t\t\t\t\t\t\t\t<span class=\"elementor-button-text\">Contacto<\/span>\n\t\t\t\t\t<\/span>\n\t\t\t\t\t<\/a>\n\t\t\t\t<\/div>\n\t\t\t\t\t\t\t\t<\/div>\n\t\t\t\t<\/div>\n\t\t\t\t<\/div>\n\t\t<div class=\"elementor-element elementor-element-155a236 e-con-full e-flex e-con e-child\" data-id=\"155a236\" data-element_type=\"container\">\n\t\t\t\t<div class=\"elementor-element elementor-element-f490114 elementor-widget elementor-widget-text-editor\" data-id=\"f490114\" data-element_type=\"widget\" data-widget_type=\"text-editor.default\">\n\t\t\t\t<div class=\"elementor-widget-container\">\n\t\t\t\t\t\t\t\t\t<p>Nacida del deseo de recuperar la tradici\u00f3n olfativa portuguesa, Comporta se consolida como la primera casa de perfumer\u00eda nicho del pa\u00eds. Desde la costa norte del Alentejo, el alma bohemia y sofisticada de Comporta cobra vida en cada fragancia, y transforma el paisaje en una experiencia sensorial inolvidable. Fieles a la autenticidad, sus perfumes celebran la historia de Portugal y despiertan una conexi\u00f3n profunda con una identidad genuina y significativa.<\/p>\t\t\t\t\t\t\t\t<\/div>\n\t\t\t\t<\/div>\n\t\t\t\t<\/div>\n\t\t\t\t\t<\/div>\n\t\t\t\t<\/div>\n\t\t\t\t<\/div>\n\t\t","protected":false},"excerpt":{"rendered":"<p>Comporta Un viaje a trav\u00e9s de la esencia de la costa del Alentejo Contacto Nacida del deseo de recuperar la tradici\u00f3n olfativa portuguesa, Comporta se consolida como la primera casa de perfumer\u00eda nicho del pa\u00eds. Desde la costa norte del Alentejo, el alma bohemia y sofisticada de Comporta cobra vida en cada fragancia, y transforma [&hellip;]<\/p>\n","protected":false},"author":2,"featured_media":0,"parent":1896,"menu_order":0,"comment_status":"closed","ping_status":"closed","template":"","meta":{"footnotes":""},"class_list":["post-1909","page","type-page","status-publish","hentry"],"yoast_head":"<!-- This site is optimized with the Yoast SEO plugin v26.5 - https:\/\/yoast.com\/wordpress\/plugins\/seo\/ -->\n<title>Comporta - Scentis Perfumes<\/title>\n<meta name=\"description\" content=\"Nacida del deseo de recuperar la tradici\u00f3n olfativa portuguesa, Comporta se consolida como la primera casa de perfumer\u00eda nicho del pa\u00eds.\" \/>\n<meta name=\"robots\" content=\"index, follow, max-snippet:-1, max-image-preview:large, max-video-preview:-1\" \/>\n<link rel=\"canonical\" href=\"https:\/\/scentisperfumes.com\/es\/marcas\/comporta\/\" \/>\n<meta property=\"og:locale\" content=\"es_ES\" \/>\n<meta property=\"og:type\" content=\"article\" \/>\n<meta property=\"og:title\" content=\"Comporta - Scentis Perfumes\" \/>\n<meta property=\"og:description\" content=\"Nacida del deseo de recuperar la tradici\u00f3n olfativa portuguesa, Comporta se consolida como la primera casa de perfumer\u00eda nicho del pa\u00eds.\" \/>\n<meta property=\"og:url\" content=\"https:\/\/scentisperfumes.com\/es\/marcas\/comporta\/\" \/>\n<meta property=\"og:site_name\" content=\"Scentis Perfumes\" \/>\n<meta property=\"article:modified_time\" content=\"2025-12-04T08:18:56+00:00\" \/>\n<meta name=\"twitter:card\" content=\"summary_large_image\" \/>\n<meta name=\"twitter:label1\" content=\"Tiempo de lectura\" \/>\n\t<meta name=\"twitter:data1\" content=\"1 minuto\" \/>\n<script type=\"application\/ld+json\" class=\"yoast-schema-graph\">{\"@context\":\"https:\/\/schema.org\",\"@graph\":[{\"@type\":\"WebPage\",\"@id\":\"https:\/\/scentisperfumes.com\/es\/marcas\/comporta\/\",\"url\":\"https:\/\/scentisperfumes.com\/es\/marcas\/comporta\/\",\"name\":\"Comporta - Scentis Perfumes\",\"isPartOf\":{\"@id\":\"https:\/\/scentisperfumes.com\/es\/#website\"},\"datePublished\":\"2025-02-13T12:00:20+00:00\",\"dateModified\":\"2025-12-04T08:18:56+00:00\",\"description\":\"Nacida del deseo de recuperar la tradici\u00f3n olfativa portuguesa, Comporta se consolida como la primera casa de perfumer\u00eda nicho del pa\u00eds.\",\"breadcrumb\":{\"@id\":\"https:\/\/scentisperfumes.com\/es\/marcas\/comporta\/#breadcrumb\"},\"inLanguage\":\"es\",\"potentialAction\":[{\"@type\":\"ReadAction\",\"target\":[\"https:\/\/scentisperfumes.com\/es\/marcas\/comporta\/\"]}]},{\"@type\":\"BreadcrumbList\",\"@id\":\"https:\/\/scentisperfumes.com\/es\/marcas\/comporta\/#breadcrumb\",\"itemListElement\":[{\"@type\":\"ListItem\",\"position\":1,\"name\":\"Portada\",\"item\":\"https:\/\/scentisperfumes.com\/es\/\"},{\"@type\":\"ListItem\",\"position\":2,\"name\":\"Marcas\",\"item\":\"https:\/\/scentisperfumes.com\/es\/marcas\/\"},{\"@type\":\"ListItem\",\"position\":3,\"name\":\"Comporta\"}]},{\"@type\":\"WebSite\",\"@id\":\"https:\/\/scentisperfumes.com\/es\/#website\",\"url\":\"https:\/\/scentisperfumes.com\/es\/\",\"name\":\"Scentis Perfumes\",\"description\":\"A fragrance, a story\",\"publisher\":{\"@id\":\"https:\/\/scentisperfumes.com\/es\/#organization\"},\"potentialAction\":[{\"@type\":\"SearchAction\",\"target\":{\"@type\":\"EntryPoint\",\"urlTemplate\":\"https:\/\/scentisperfumes.com\/es\/?s={search_term_string}\"},\"query-input\":{\"@type\":\"PropertyValueSpecification\",\"valueRequired\":true,\"valueName\":\"search_term_string\"}}],\"inLanguage\":\"es\"},{\"@type\":\"Organization\",\"@id\":\"https:\/\/scentisperfumes.com\/es\/#organization\",\"name\":\"Scentis Perfumes\",\"url\":\"https:\/\/scentisperfumes.com\/es\/\",\"logo\":{\"@type\":\"ImageObject\",\"inLanguage\":\"es\",\"@id\":\"https:\/\/scentisperfumes.com\/es\/#\/schema\/logo\/image\/\",\"url\":\"\",\"contentUrl\":\"\",\"caption\":\"Scentis Perfumes\"},\"image\":{\"@id\":\"https:\/\/scentisperfumes.com\/es\/#\/schema\/logo\/image\/\"}}]}<\/script>\n<!-- \/ Yoast SEO plugin. -->","yoast_head_json":{"title":"Comporta - Scentis Perfumes","description":"Nacida del deseo de recuperar la tradici\u00f3n olfativa portuguesa, Comporta se consolida como la primera casa de perfumer\u00eda nicho del pa\u00eds.","robots":{"index":"index","follow":"follow","max-snippet":"max-snippet:-1","max-image-preview":"max-image-preview:large","max-video-preview":"max-video-preview:-1"},"canonical":"https:\/\/scentisperfumes.com\/es\/marcas\/comporta\/","og_locale":"es_ES","og_type":"article","og_title":"Comporta - Scentis Perfumes","og_description":"Nacida del deseo de recuperar la tradici\u00f3n olfativa portuguesa, Comporta se consolida como la primera casa de perfumer\u00eda nicho del pa\u00eds.","og_url":"https:\/\/scentisperfumes.com\/es\/marcas\/comporta\/","og_site_name":"Scentis Perfumes","article_modified_time":"2025-12-04T08:18:56+00:00","twitter_card":"summary_large_image","twitter_misc":{"Tiempo de lectura":"1 minuto"},"schema":{"@context":"https:\/\/schema.org","@graph":[{"@type":"WebPage","@id":"https:\/\/scentisperfumes.com\/es\/marcas\/comporta\/","url":"https:\/\/scentisperfumes.com\/es\/marcas\/comporta\/","name":"Comporta - Scentis Perfumes","isPartOf":{"@id":"https:\/\/scentisperfumes.com\/es\/#website"},"datePublished":"2025-02-13T12:00:20+00:00","dateModified":"2025-12-04T08:18:56+00:00","description":"Nacida del deseo de recuperar la tradici\u00f3n olfativa portuguesa, Comporta se consolida como la primera casa de perfumer\u00eda nicho del pa\u00eds.","breadcrumb":{"@id":"https:\/\/scentisperfumes.com\/es\/marcas\/comporta\/#breadcrumb"},"inLanguage":"es","potentialAction":[{"@type":"ReadAction","target":["https:\/\/scentisperfumes.com\/es\/marcas\/comporta\/"]}]},{"@type":"BreadcrumbList","@id":"https:\/\/scentisperfumes.com\/es\/marcas\/comporta\/#breadcrumb","itemListElement":[{"@type":"ListItem","position":1,"name":"Portada","item":"https:\/\/scentisperfumes.com\/es\/"},{"@type":"ListItem","position":2,"name":"Marcas","item":"https:\/\/scentisperfumes.com\/es\/marcas\/"},{"@type":"ListItem","position":3,"name":"Comporta"}]},{"@type":"WebSite","@id":"https:\/\/scentisperfumes.com\/es\/#website","url":"https:\/\/scentisperfumes.com\/es\/","name":"Scentis Perfumes","description":"A fragrance, a story","publisher":{"@id":"https:\/\/scentisperfumes.com\/es\/#organization"},"potentialAction":[{"@type":"SearchAction","target":{"@type":"EntryPoint","urlTemplate":"https:\/\/scentisperfumes.com\/es\/?s={search_term_string}"},"query-input":{"@type":"PropertyValueSpecification","valueRequired":true,"valueName":"search_term_string"}}],"inLanguage":"es"},{"@type":"Organization","@id":"https:\/\/scentisperfumes.com\/es\/#organization","name":"Scentis Perfumes","url":"https:\/\/scentisperfumes.com\/es\/","logo":{"@type":"ImageObject","inLanguage":"es","@id":"https:\/\/scentisperfumes.com\/es\/#\/schema\/logo\/image\/","url":"","contentUrl":"","caption":"Scentis Perfumes"},"image":{"@id":"https:\/\/scentisperfumes.com\/es\/#\/schema\/logo\/image\/"}}]}},"_links":{"self":[{"href":"https:\/\/scentisperfumes.com\/es\/wp-json\/wp\/v2\/pages\/1909","targetHints":{"allow":["GET"]}}],"collection":[{"href":"https:\/\/scentisperfumes.com\/es\/wp-json\/wp\/v2\/pages"}],"about":[{"href":"https:\/\/scentisperfumes.com\/es\/wp-json\/wp\/v2\/types\/page"}],"author":[{"embeddable":true,"href":"https:\/\/scentisperfumes.com\/es\/wp-json\/wp\/v2\/users\/2"}],"replies":[{"embeddable":true,"href":"https:\/\/scentisperfumes.com\/es\/wp-json\/wp\/v2\/comments?post=1909"}],"version-history":[{"count":26,"href":"https:\/\/scentisperfumes.com\/es\/wp-json\/wp\/v2\/pages\/1909\/revisions"}],"predecessor-version":[{"id":3127,"href":"https:\/\/scentisperfumes.com\/es\/wp-json\/wp\/v2\/pages\/1909\/revisions\/3127"}],"up":[{"embeddable":true,"href":"https:\/\/scentisperfumes.com\/es\/wp-json\/wp\/v2\/pages\/1896"}],"wp:attachment":[{"href":"https:\/\/scentisperfumes.com\/es\/wp-json\/wp\/v2\/media?parent=1909"}],"curies":[{"name":"wp","href":"https:\/\/api.w.org\/{rel}","templated":true}]}}