{"id":1905,"date":"2025-02-10T12:45:03","date_gmt":"2025-02-10T11:45:03","guid":{"rendered":"https:\/\/scentisperfumes.com\/marcas\/escentric-molecules\/"},"modified":"2025-12-04T09:18:50","modified_gmt":"2025-12-04T08:18:50","slug":"escentric-molecules","status":"publish","type":"page","link":"https:\/\/scentisperfumes.com\/es\/marcas\/escentric-molecules\/","title":{"rendered":"Escentric Molecules"},"content":{"rendered":"\t\t<div data-elementor-type=\"wp-page\" data-elementor-id=\"1905\" class=\"elementor elementor-1905 elementor-700\" data-elementor-post-type=\"page\">\n\t\t\t\t<div class=\"elementor-element elementor-element-97478b9 e-con-full e-flex e-con e-parent\" data-id=\"97478b9\" data-element_type=\"container\" id=\"head_img\" data-settings=\"{&quot;background_background&quot;:&quot;classic&quot;}\">\n\t\t\t\t<\/div>\n\t\t<div class=\"elementor-element elementor-element-2727b02 e-flex e-con-boxed e-con e-parent\" data-id=\"2727b02\" data-element_type=\"container\">\n\t\t\t\t\t<div class=\"e-con-inner\">\n\t\t<div class=\"elementor-element elementor-element-99a3ba9 e-con-full e-flex e-con e-child\" data-id=\"99a3ba9\" data-element_type=\"container\">\n\t\t\t\t<div class=\"elementor-element elementor-element-9ff3d60 elementor-widget elementor-widget-heading\" data-id=\"9ff3d60\" data-element_type=\"widget\" data-widget_type=\"heading.default\">\n\t\t\t\t<div class=\"elementor-widget-container\">\n\t\t\t\t\t<h1 class=\"elementor-heading-title elementor-size-default\">Escentric Molecules<\/h1>\t\t\t\t<\/div>\n\t\t\t\t<\/div>\n\t\t\t\t<div class=\"elementor-element elementor-element-cd158d0 elementor-widget elementor-widget-heading\" data-id=\"cd158d0\" data-element_type=\"widget\" data-widget_type=\"heading.default\">\n\t\t\t\t<div class=\"elementor-widget-container\">\n\t\t\t\t\t<h2 class=\"elementor-heading-title elementor-size-default\">Un nuevo enfoque en <br>la creaci\u00f3n de fragancias<\/h2>\t\t\t\t<\/div>\n\t\t\t\t<\/div>\n\t\t\t\t<div class=\"elementor-element elementor-element-07f30b9 elementor-widget elementor-widget-button\" data-id=\"07f30b9\" data-element_type=\"widget\" data-widget_type=\"button.default\">\n\t\t\t\t<div class=\"elementor-widget-container\">\n\t\t\t\t\t\t\t\t\t<div class=\"elementor-button-wrapper\">\n\t\t\t\t\t<a class=\"elementor-button elementor-button-link elementor-size-sm\" href=\"\/es\/contacto\/\">\n\t\t\t\t\t\t<span class=\"elementor-button-content-wrapper\">\n\t\t\t\t\t\t\t\t\t<span class=\"elementor-button-text\">Contacto<\/span>\n\t\t\t\t\t<\/span>\n\t\t\t\t\t<\/a>\n\t\t\t\t<\/div>\n\t\t\t\t\t\t\t\t<\/div>\n\t\t\t\t<\/div>\n\t\t\t\t<\/div>\n\t\t<div class=\"elementor-element elementor-element-155a236 e-con-full e-flex e-con e-child\" data-id=\"155a236\" data-element_type=\"container\">\n\t\t\t\t<div class=\"elementor-element elementor-element-f490114 elementor-widget elementor-widget-text-editor\" data-id=\"f490114\" data-element_type=\"widget\" data-widget_type=\"text-editor.default\">\n\t\t\t\t<div class=\"elementor-widget-container\">\n\t\t\t\t\t\t\t\t\t<p>Escentric Molecules rompe con lo convencional y redefine la perfumer\u00eda con Iso E Super, una mol\u00e9cula \u00fanica que da lugar a una experiencia olfativa completamente diferente.<br \/>En lugar de combinar notas tradicionales, esta firma trabaja con una sola mol\u00e9cula que se fusiona con la qu\u00edmica de la piel, dando como resultado una fragancia sutil y profundamente envolvente. Pureza y sofisticaci\u00f3n se encuentran en una esencia que despierta misterio y elegancia.<\/p>\t\t\t\t\t\t\t\t<\/div>\n\t\t\t\t<\/div>\n\t\t\t\t<\/div>\n\t\t\t\t\t<\/div>\n\t\t\t\t<\/div>\n\t\t\t\t<\/div>\n\t\t","protected":false},"excerpt":{"rendered":"<p>Escentric Molecules Un nuevo enfoque en la creaci\u00f3n de fragancias Contacto Escentric Molecules rompe con lo convencional y redefine la perfumer\u00eda con Iso E Super, una mol\u00e9cula \u00fanica que da lugar a una experiencia olfativa completamente diferente.En lugar de combinar notas tradicionales, esta firma trabaja con una sola mol\u00e9cula que se fusiona con la qu\u00edmica [&hellip;]<\/p>\n","protected":false},"author":2,"featured_media":0,"parent":1896,"menu_order":0,"comment_status":"closed","ping_status":"closed","template":"","meta":{"footnotes":""},"class_list":["post-1905","page","type-page","status-publish","hentry"],"yoast_head":"<!-- This site is optimized with the Yoast SEO plugin v26.5 - https:\/\/yoast.com\/wordpress\/plugins\/seo\/ -->\n<title>Escentric Molecules - Scentis Perfumes<\/title>\n<meta name=\"description\" content=\"Escentric Molecules rompe con lo convencional y redefine la perfumer\u00eda con Iso E Super, una mol\u00e9cula \u00fanica que da lugar a una experiencia olfativa completamente diferente.\" \/>\n<meta name=\"robots\" content=\"index, follow, max-snippet:-1, max-image-preview:large, max-video-preview:-1\" \/>\n<link rel=\"canonical\" href=\"https:\/\/scentisperfumes.com\/es\/marcas\/escentric-molecules\/\" \/>\n<meta property=\"og:locale\" content=\"es_ES\" \/>\n<meta property=\"og:type\" content=\"article\" \/>\n<meta property=\"og:title\" content=\"Escentric Molecules - Scentis Perfumes\" \/>\n<meta property=\"og:description\" content=\"Escentric Molecules rompe con lo convencional y redefine la perfumer\u00eda con Iso E Super, una mol\u00e9cula \u00fanica que da lugar a una experiencia olfativa completamente diferente.\" \/>\n<meta property=\"og:url\" content=\"https:\/\/scentisperfumes.com\/es\/marcas\/escentric-molecules\/\" \/>\n<meta property=\"og:site_name\" content=\"Scentis Perfumes\" \/>\n<meta property=\"article:modified_time\" content=\"2025-12-04T08:18:50+00:00\" \/>\n<meta name=\"twitter:card\" content=\"summary_large_image\" \/>\n<meta name=\"twitter:label1\" content=\"Tiempo de lectura\" \/>\n\t<meta name=\"twitter:data1\" content=\"1 minuto\" \/>\n<script type=\"application\/ld+json\" class=\"yoast-schema-graph\">{\"@context\":\"https:\/\/schema.org\",\"@graph\":[{\"@type\":\"WebPage\",\"@id\":\"https:\/\/scentisperfumes.com\/es\/marcas\/escentric-molecules\/\",\"url\":\"https:\/\/scentisperfumes.com\/es\/marcas\/escentric-molecules\/\",\"name\":\"Escentric Molecules - Scentis Perfumes\",\"isPartOf\":{\"@id\":\"https:\/\/scentisperfumes.com\/es\/#website\"},\"datePublished\":\"2025-02-10T11:45:03+00:00\",\"dateModified\":\"2025-12-04T08:18:50+00:00\",\"description\":\"Escentric Molecules rompe con lo convencional y redefine la perfumer\u00eda con Iso E Super, una mol\u00e9cula \u00fanica que da lugar a una experiencia olfativa completamente diferente.\",\"breadcrumb\":{\"@id\":\"https:\/\/scentisperfumes.com\/es\/marcas\/escentric-molecules\/#breadcrumb\"},\"inLanguage\":\"es\",\"potentialAction\":[{\"@type\":\"ReadAction\",\"target\":[\"https:\/\/scentisperfumes.com\/es\/marcas\/escentric-molecules\/\"]}]},{\"@type\":\"BreadcrumbList\",\"@id\":\"https:\/\/scentisperfumes.com\/es\/marcas\/escentric-molecules\/#breadcrumb\",\"itemListElement\":[{\"@type\":\"ListItem\",\"position\":1,\"name\":\"Portada\",\"item\":\"https:\/\/scentisperfumes.com\/es\/\"},{\"@type\":\"ListItem\",\"position\":2,\"name\":\"Marcas\",\"item\":\"https:\/\/scentisperfumes.com\/es\/marcas\/\"},{\"@type\":\"ListItem\",\"position\":3,\"name\":\"Escentric Molecules\"}]},{\"@type\":\"WebSite\",\"@id\":\"https:\/\/scentisperfumes.com\/es\/#website\",\"url\":\"https:\/\/scentisperfumes.com\/es\/\",\"name\":\"Scentis Perfumes\",\"description\":\"A fragrance, a story\",\"publisher\":{\"@id\":\"https:\/\/scentisperfumes.com\/es\/#organization\"},\"potentialAction\":[{\"@type\":\"SearchAction\",\"target\":{\"@type\":\"EntryPoint\",\"urlTemplate\":\"https:\/\/scentisperfumes.com\/es\/?s={search_term_string}\"},\"query-input\":{\"@type\":\"PropertyValueSpecification\",\"valueRequired\":true,\"valueName\":\"search_term_string\"}}],\"inLanguage\":\"es\"},{\"@type\":\"Organization\",\"@id\":\"https:\/\/scentisperfumes.com\/es\/#organization\",\"name\":\"Scentis Perfumes\",\"url\":\"https:\/\/scentisperfumes.com\/es\/\",\"logo\":{\"@type\":\"ImageObject\",\"inLanguage\":\"es\",\"@id\":\"https:\/\/scentisperfumes.com\/es\/#\/schema\/logo\/image\/\",\"url\":\"\",\"contentUrl\":\"\",\"caption\":\"Scentis Perfumes\"},\"image\":{\"@id\":\"https:\/\/scentisperfumes.com\/es\/#\/schema\/logo\/image\/\"}}]}<\/script>\n<!-- \/ Yoast SEO plugin. -->","yoast_head_json":{"title":"Escentric Molecules - Scentis Perfumes","description":"Escentric Molecules rompe con lo convencional y redefine la perfumer\u00eda con Iso E Super, una mol\u00e9cula \u00fanica que da lugar a una experiencia olfativa completamente diferente.","robots":{"index":"index","follow":"follow","max-snippet":"max-snippet:-1","max-image-preview":"max-image-preview:large","max-video-preview":"max-video-preview:-1"},"canonical":"https:\/\/scentisperfumes.com\/es\/marcas\/escentric-molecules\/","og_locale":"es_ES","og_type":"article","og_title":"Escentric Molecules - Scentis Perfumes","og_description":"Escentric Molecules rompe con lo convencional y redefine la perfumer\u00eda con Iso E Super, una mol\u00e9cula \u00fanica que da lugar a una experiencia olfativa completamente diferente.","og_url":"https:\/\/scentisperfumes.com\/es\/marcas\/escentric-molecules\/","og_site_name":"Scentis Perfumes","article_modified_time":"2025-12-04T08:18:50+00:00","twitter_card":"summary_large_image","twitter_misc":{"Tiempo de lectura":"1 minuto"},"schema":{"@context":"https:\/\/schema.org","@graph":[{"@type":"WebPage","@id":"https:\/\/scentisperfumes.com\/es\/marcas\/escentric-molecules\/","url":"https:\/\/scentisperfumes.com\/es\/marcas\/escentric-molecules\/","name":"Escentric Molecules - Scentis Perfumes","isPartOf":{"@id":"https:\/\/scentisperfumes.com\/es\/#website"},"datePublished":"2025-02-10T11:45:03+00:00","dateModified":"2025-12-04T08:18:50+00:00","description":"Escentric Molecules rompe con lo convencional y redefine la perfumer\u00eda con Iso E Super, una mol\u00e9cula \u00fanica que da lugar a una experiencia olfativa completamente diferente.","breadcrumb":{"@id":"https:\/\/scentisperfumes.com\/es\/marcas\/escentric-molecules\/#breadcrumb"},"inLanguage":"es","potentialAction":[{"@type":"ReadAction","target":["https:\/\/scentisperfumes.com\/es\/marcas\/escentric-molecules\/"]}]},{"@type":"BreadcrumbList","@id":"https:\/\/scentisperfumes.com\/es\/marcas\/escentric-molecules\/#breadcrumb","itemListElement":[{"@type":"ListItem","position":1,"name":"Portada","item":"https:\/\/scentisperfumes.com\/es\/"},{"@type":"ListItem","position":2,"name":"Marcas","item":"https:\/\/scentisperfumes.com\/es\/marcas\/"},{"@type":"ListItem","position":3,"name":"Escentric Molecules"}]},{"@type":"WebSite","@id":"https:\/\/scentisperfumes.com\/es\/#website","url":"https:\/\/scentisperfumes.com\/es\/","name":"Scentis Perfumes","description":"A fragrance, a story","publisher":{"@id":"https:\/\/scentisperfumes.com\/es\/#organization"},"potentialAction":[{"@type":"SearchAction","target":{"@type":"EntryPoint","urlTemplate":"https:\/\/scentisperfumes.com\/es\/?s={search_term_string}"},"query-input":{"@type":"PropertyValueSpecification","valueRequired":true,"valueName":"search_term_string"}}],"inLanguage":"es"},{"@type":"Organization","@id":"https:\/\/scentisperfumes.com\/es\/#organization","name":"Scentis Perfumes","url":"https:\/\/scentisperfumes.com\/es\/","logo":{"@type":"ImageObject","inLanguage":"es","@id":"https:\/\/scentisperfumes.com\/es\/#\/schema\/logo\/image\/","url":"","contentUrl":"","caption":"Scentis Perfumes"},"image":{"@id":"https:\/\/scentisperfumes.com\/es\/#\/schema\/logo\/image\/"}}]}},"_links":{"self":[{"href":"https:\/\/scentisperfumes.com\/es\/wp-json\/wp\/v2\/pages\/1905","targetHints":{"allow":["GET"]}}],"collection":[{"href":"https:\/\/scentisperfumes.com\/es\/wp-json\/wp\/v2\/pages"}],"about":[{"href":"https:\/\/scentisperfumes.com\/es\/wp-json\/wp\/v2\/types\/page"}],"author":[{"embeddable":true,"href":"https:\/\/scentisperfumes.com\/es\/wp-json\/wp\/v2\/users\/2"}],"replies":[{"embeddable":true,"href":"https:\/\/scentisperfumes.com\/es\/wp-json\/wp\/v2\/comments?post=1905"}],"version-history":[{"count":20,"href":"https:\/\/scentisperfumes.com\/es\/wp-json\/wp\/v2\/pages\/1905\/revisions"}],"predecessor-version":[{"id":3124,"href":"https:\/\/scentisperfumes.com\/es\/wp-json\/wp\/v2\/pages\/1905\/revisions\/3124"}],"up":[{"embeddable":true,"href":"https:\/\/scentisperfumes.com\/es\/wp-json\/wp\/v2\/pages\/1896"}],"wp:attachment":[{"href":"https:\/\/scentisperfumes.com\/es\/wp-json\/wp\/v2\/media?parent=1905"}],"curies":[{"name":"wp","href":"https:\/\/api.w.org\/{rel}","templated":true}]}}