{"id":1896,"date":"2025-02-04T10:30:42","date_gmt":"2025-02-04T09:30:42","guid":{"rendered":"https:\/\/scentisperfumes.com\/brands\/"},"modified":"2025-12-04T09:15:43","modified_gmt":"2025-12-04T08:15:43","slug":"marcas","status":"publish","type":"page","link":"https:\/\/scentisperfumes.com\/es\/marcas\/","title":{"rendered":"Marcas"},"content":{"rendered":"\t\t<div data-elementor-type=\"wp-page\" data-elementor-id=\"1896\" class=\"elementor elementor-1896 elementor-389\" data-elementor-post-type=\"page\">\n\t\t\t\t<div class=\"elementor-element elementor-element-39c5596 e-con-full e-flex e-con e-parent\" data-id=\"39c5596\" data-element_type=\"container\" data-settings=\"{&quot;background_background&quot;:&quot;classic&quot;}\">\n\t\t\t\t<\/div>\n\t\t<div class=\"elementor-element elementor-element-65e4377 e-flex e-con-boxed e-con e-parent\" data-id=\"65e4377\" data-element_type=\"container\">\n\t\t\t\t\t<div class=\"e-con-inner\">\n\t\t\t\t<div class=\"elementor-element elementor-element-0c4588b elementor-widget elementor-widget-heading\" data-id=\"0c4588b\" data-element_type=\"widget\" data-widget_type=\"heading.default\">\n\t\t\t\t<div class=\"elementor-widget-container\">\n\t\t\t\t\t<h1 class=\"elementor-heading-title elementor-size-default\">Marcas<\/h1>\t\t\t\t<\/div>\n\t\t\t\t<\/div>\n\t\t\t\t\t<\/div>\n\t\t\t\t<\/div>\n\t\t<div class=\"elementor-element elementor-element-c9f088c e-flex e-con-boxed e-con e-parent\" data-id=\"c9f088c\" data-element_type=\"container\">\n\t\t\t\t\t<div class=\"e-con-inner\">\n\t\t<div class=\"elementor-element elementor-element-0d4466a e-con-full e-flex e-con e-child\" data-id=\"0d4466a\" data-element_type=\"container\">\n\t\t\t\t<div class=\"elementor-element elementor-element-e6bbffb elementor-widget elementor-widget-text-editor\" data-id=\"e6bbffb\" data-element_type=\"widget\" data-widget_type=\"text-editor.default\">\n\t\t\t\t<div class=\"elementor-widget-container\">\n\t\t\t\t\t\t\t\t\t<p>Presentamos marcas que encarnan la excelencia, el saber hacer artesanal y una dedicaci\u00f3n genuina al arte del perfume. Nuestra selecci\u00f3n curada de perfumes celebra la creatividad y la pasi\u00f3n de cada casa, para brindarte las experiencias olfativas m\u00e1s exquisitas.<\/p>\t\t\t\t\t\t\t\t<\/div>\n\t\t\t\t<\/div>\n\t\t\t\t<\/div>\n\t\t\t\t\t<\/div>\n\t\t\t\t<\/div>\n\t\t<div class=\"elementor-element elementor-element-c39d4fa e-flex e-con-boxed e-con e-parent\" data-id=\"c39d4fa\" data-element_type=\"container\">\n\t\t\t\t\t<div class=\"e-con-inner\">\n\t\t<div class=\"elementor-element elementor-element-b97b9d6 e-grid e-con-full e-con e-child\" data-id=\"b97b9d6\" data-element_type=\"container\">\n\t\t\t\t<div class=\"elementor-element elementor-element-069b1b0 elementor-widget elementor-widget-image\" data-id=\"069b1b0\" data-element_type=\"widget\" data-widget_type=\"image.default\">\n\t\t\t\t<div class=\"elementor-widget-container\">\n\t\t\t\t\t\t\t\t\t\t\t\t\t\t\t\t<a href=\"https:\/\/scentisperfumes.com\/es\/marcas\/scentis-escentric-molecules\/\">\n\t\t\t\t\t\t\t<img decoding=\"async\" width=\"240\" height=\"123\" src=\"https:\/\/scentisperfumes.com\/wp-content\/uploads\/2025\/12\/escentricmolecules_2.png\" class=\"attachment-large size-large wp-image-3083\" alt=\"\" \/>\t\t\t\t\t\t\t\t<\/a>\n\t\t\t\t\t\t\t\t\t\t\t\t\t\t\t<\/div>\n\t\t\t\t<\/div>\n\t\t\t\t<div class=\"elementor-element elementor-element-15c2975 elementor-widget elementor-widget-image\" data-id=\"15c2975\" data-element_type=\"widget\" data-widget_type=\"image.default\">\n\t\t\t\t<div class=\"elementor-widget-container\">\n\t\t\t\t\t\t\t\t\t\t\t\t\t\t\t\t<a href=\"https:\/\/scentisperfumes.com\/es\/marcas\/scentis-korloff\/\">\n\t\t\t\t\t\t\t<img decoding=\"async\" width=\"241\" height=\"123\" src=\"https:\/\/scentisperfumes.com\/wp-content\/uploads\/2025\/02\/korloff.png\" class=\"attachment-large size-large wp-image-1789\" alt=\"\" \/>\t\t\t\t\t\t\t\t<\/a>\n\t\t\t\t\t\t\t\t\t\t\t\t\t\t\t<\/div>\n\t\t\t\t<\/div>\n\t\t\t\t<div class=\"elementor-element elementor-element-b22420a elementor-widget elementor-widget-image\" data-id=\"b22420a\" data-element_type=\"widget\" data-widget_type=\"image.default\">\n\t\t\t\t<div class=\"elementor-widget-container\">\n\t\t\t\t\t\t\t\t\t\t\t\t\t\t\t\t<a href=\"https:\/\/scentisperfumes.com\/es\/marcas\/sora-dora\/\">\n\t\t\t\t\t\t\t<img decoding=\"async\" width=\"240\" height=\"123\" src=\"https:\/\/scentisperfumes.com\/wp-content\/uploads\/2025\/02\/soradora.png\" class=\"attachment-large size-large wp-image-1785\" alt=\"\" \/>\t\t\t\t\t\t\t\t<\/a>\n\t\t\t\t\t\t\t\t\t\t\t\t\t\t\t<\/div>\n\t\t\t\t<\/div>\n\t\t\t\t<div class=\"elementor-element elementor-element-509fc5f elementor-widget elementor-widget-image\" data-id=\"509fc5f\" data-element_type=\"widget\" data-widget_type=\"image.default\">\n\t\t\t\t<div class=\"elementor-widget-container\">\n\t\t\t\t\t\t\t\t\t\t\t\t\t\t\t\t<a href=\"https:\/\/scentisperfumes.com\/es\/marcas\/scentis-borntostandout\/\">\n\t\t\t\t\t\t\t<img loading=\"lazy\" decoding=\"async\" width=\"240\" height=\"123\" src=\"https:\/\/scentisperfumes.com\/wp-content\/uploads\/2025\/02\/borntostandout.png\" class=\"attachment-large size-large wp-image-1786\" alt=\"\" \/>\t\t\t\t\t\t\t\t<\/a>\n\t\t\t\t\t\t\t\t\t\t\t\t\t\t\t<\/div>\n\t\t\t\t<\/div>\n\t\t\t\t<div class=\"elementor-element elementor-element-d4735ff elementor-widget elementor-widget-image\" data-id=\"d4735ff\" data-element_type=\"widget\" data-widget_type=\"image.default\">\n\t\t\t\t<div class=\"elementor-widget-container\">\n\t\t\t\t\t\t\t\t\t\t\t\t\t\t\t\t<a href=\"https:\/\/scentisperfumes.com\/es\/marcas\/scentis-comporta\/\">\n\t\t\t\t\t\t\t<img loading=\"lazy\" decoding=\"async\" width=\"240\" height=\"123\" src=\"https:\/\/scentisperfumes.com\/wp-content\/uploads\/2025\/02\/comporta.png\" class=\"attachment-large size-large wp-image-1787\" alt=\"\" \/>\t\t\t\t\t\t\t\t<\/a>\n\t\t\t\t\t\t\t\t\t\t\t\t\t\t\t<\/div>\n\t\t\t\t<\/div>\n\t\t\t\t<div class=\"elementor-element elementor-element-c79ccee elementor-widget elementor-widget-image\" data-id=\"c79ccee\" data-element_type=\"widget\" data-widget_type=\"image.default\">\n\t\t\t\t<div class=\"elementor-widget-container\">\n\t\t\t\t\t\t\t\t\t\t\t\t\t\t\t\t<a href=\"https:\/\/scentisperfumes.com\/es\/marcas\/scentis-labsolue\/\">\n\t\t\t\t\t\t\t<img loading=\"lazy\" decoding=\"async\" width=\"241\" height=\"123\" src=\"https:\/\/scentisperfumes.com\/wp-content\/uploads\/2025\/12\/labsoule2.png\" class=\"attachment-large size-large wp-image-3097\" alt=\"\" \/>\t\t\t\t\t\t\t\t<\/a>\n\t\t\t\t\t\t\t\t\t\t\t\t\t\t\t<\/div>\n\t\t\t\t<\/div>\n\t\t\t\t<div class=\"elementor-element elementor-element-a7d4400 elementor-widget elementor-widget-image\" data-id=\"a7d4400\" data-element_type=\"widget\" data-widget_type=\"image.default\">\n\t\t\t\t<div class=\"elementor-widget-container\">\n\t\t\t\t\t\t\t\t\t\t\t\t\t\t\t\t<a href=\"https:\/\/scentisperfumes.com\/es\/marcas\/scentis-moresque\/\">\n\t\t\t\t\t\t\t<img loading=\"lazy\" decoding=\"async\" width=\"240\" height=\"123\" src=\"https:\/\/scentisperfumes.com\/wp-content\/uploads\/2025\/02\/moresque.png\" class=\"attachment-large size-large wp-image-1791\" alt=\"\" \/>\t\t\t\t\t\t\t\t<\/a>\n\t\t\t\t\t\t\t\t\t\t\t\t\t\t\t<\/div>\n\t\t\t\t<\/div>\n\t\t\t\t<div class=\"elementor-element elementor-element-d3b8170 elementor-widget elementor-widget-image\" data-id=\"d3b8170\" data-element_type=\"widget\" data-widget_type=\"image.default\">\n\t\t\t\t<div class=\"elementor-widget-container\">\n\t\t\t\t\t\t\t\t\t\t\t\t\t\t\t\t<a href=\"https:\/\/scentisperfumes.com\/es\/marcas\/scentis-escentric-new-notes\/\">\n\t\t\t\t\t\t\t<img loading=\"lazy\" decoding=\"async\" width=\"241\" height=\"123\" src=\"https:\/\/scentisperfumes.com\/wp-content\/uploads\/2025\/12\/newnotes_2.png\" class=\"attachment-large size-large wp-image-3081\" alt=\"\" \/>\t\t\t\t\t\t\t\t<\/a>\n\t\t\t\t\t\t\t\t\t\t\t\t\t\t\t<\/div>\n\t\t\t\t<\/div>\n\t\t\t\t<\/div>\n\t\t\t\t\t<\/div>\n\t\t\t\t<\/div>\n\t\t<div class=\"elementor-element elementor-element-71ecb55 e-con-full e-flex e-con e-parent\" data-id=\"71ecb55\" data-element_type=\"container\">\n\t\t\t\t<div class=\"elementor-element elementor-element-09e25be gallery-spacing-custom elementor-widget elementor-widget-image-gallery\" data-id=\"09e25be\" data-element_type=\"widget\" data-widget_type=\"image-gallery.default\">\n\t\t\t\t<div class=\"elementor-widget-container\">\n\t\t\t\t\t\t\t<div class=\"elementor-image-gallery\">\n\t\t\t<div id='gallery-1' class='gallery galleryid-1896 gallery-columns-3 gallery-size-full'><figure class='gallery-item'>\n\t\t\t<div class='gallery-icon landscape'>\n\t\t\t\t<img loading=\"lazy\" decoding=\"async\" width=\"629\" height=\"399\" src=\"https:\/\/scentisperfumes.com\/wp-content\/uploads\/2025\/11\/un-musc-1-1.png\" class=\"attachment-full size-full\" alt=\"\" srcset=\"https:\/\/scentisperfumes.com\/wp-content\/uploads\/2025\/11\/un-musc-1-1.png 629w, https:\/\/scentisperfumes.com\/wp-content\/uploads\/2025\/11\/un-musc-1-1-300x190.png 300w\" sizes=\"(max-width: 629px) 100vw, 629px\" \/>\n\t\t\t<\/div><\/figure><figure class='gallery-item'>\n\t\t\t<div class='gallery-icon landscape'>\n\t\t\t\t<img loading=\"lazy\" decoding=\"async\" width=\"629\" height=\"399\" src=\"https:\/\/scentisperfumes.com\/wp-content\/uploads\/2025\/11\/Captura-de-pantalla-2025-01-21-a-las-10.03.06-1.png\" class=\"attachment-full size-full\" alt=\"\" srcset=\"https:\/\/scentisperfumes.com\/wp-content\/uploads\/2025\/11\/Captura-de-pantalla-2025-01-21-a-las-10.03.06-1.png 629w, https:\/\/scentisperfumes.com\/wp-content\/uploads\/2025\/11\/Captura-de-pantalla-2025-01-21-a-las-10.03.06-1-300x190.png 300w\" sizes=\"(max-width: 629px) 100vw, 629px\" \/>\n\t\t\t<\/div><\/figure><figure class='gallery-item'>\n\t\t\t<div class='gallery-icon landscape'>\n\t\t\t\t<img loading=\"lazy\" decoding=\"async\" width=\"628\" height=\"399\" src=\"https:\/\/scentisperfumes.com\/wp-content\/uploads\/2025\/11\/5_sora_dora-1-1.png\" class=\"attachment-full size-full\" alt=\"\" srcset=\"https:\/\/scentisperfumes.com\/wp-content\/uploads\/2025\/11\/5_sora_dora-1-1.png 628w, https:\/\/scentisperfumes.com\/wp-content\/uploads\/2025\/11\/5_sora_dora-1-1-300x191.png 300w\" sizes=\"(max-width: 628px) 100vw, 628px\" \/>\n\t\t\t<\/div><\/figure><figure class='gallery-item'>\n\t\t\t<div class='gallery-icon landscape'>\n\t\t\t\t<img loading=\"lazy\" decoding=\"async\" width=\"629\" height=\"396\" src=\"https:\/\/scentisperfumes.com\/wp-content\/uploads\/2025\/11\/Captura-de-pantalla-2025-01-23-a-las-13.55.35-2.png\" class=\"attachment-full size-full\" alt=\"\" srcset=\"https:\/\/scentisperfumes.com\/wp-content\/uploads\/2025\/11\/Captura-de-pantalla-2025-01-23-a-las-13.55.35-2.png 629w, https:\/\/scentisperfumes.com\/wp-content\/uploads\/2025\/11\/Captura-de-pantalla-2025-01-23-a-las-13.55.35-2-300x189.png 300w\" sizes=\"(max-width: 629px) 100vw, 629px\" \/>\n\t\t\t<\/div><\/figure><figure class='gallery-item'>\n\t\t\t<div class='gallery-icon landscape'>\n\t\t\t\t<img loading=\"lazy\" decoding=\"async\" width=\"629\" height=\"399\" src=\"https:\/\/scentisperfumes.com\/wp-content\/uploads\/2025\/11\/Captura-de-pantalla-2025-01-23-a-las-13.58.42-2.png\" class=\"attachment-full size-full\" alt=\"\" srcset=\"https:\/\/scentisperfumes.com\/wp-content\/uploads\/2025\/11\/Captura-de-pantalla-2025-01-23-a-las-13.58.42-2.png 629w, https:\/\/scentisperfumes.com\/wp-content\/uploads\/2025\/11\/Captura-de-pantalla-2025-01-23-a-las-13.58.42-2-300x190.png 300w\" sizes=\"(max-width: 629px) 100vw, 629px\" \/>\n\t\t\t<\/div><\/figure><figure class='gallery-item'>\n\t\t\t<div class='gallery-icon landscape'>\n\t\t\t\t<img loading=\"lazy\" decoding=\"async\" width=\"629\" height=\"399\" src=\"https:\/\/scentisperfumes.com\/wp-content\/uploads\/2025\/11\/LSB110T_07-2.png\" class=\"attachment-full size-full\" alt=\"\" srcset=\"https:\/\/scentisperfumes.com\/wp-content\/uploads\/2025\/11\/LSB110T_07-2.png 629w, https:\/\/scentisperfumes.com\/wp-content\/uploads\/2025\/11\/LSB110T_07-2-300x190.png 300w\" sizes=\"(max-width: 629px) 100vw, 629px\" \/>\n\t\t\t<\/div><\/figure><figure class='gallery-item'>\n\t\t\t<div class='gallery-icon landscape'>\n\t\t\t\t<img loading=\"lazy\" decoding=\"async\" width=\"629\" height=\"399\" src=\"https:\/\/scentisperfumes.com\/wp-content\/uploads\/2025\/11\/NanotopiaBorntostandoutPerfume-1.png\" class=\"attachment-full size-full\" alt=\"\" srcset=\"https:\/\/scentisperfumes.com\/wp-content\/uploads\/2025\/11\/NanotopiaBorntostandoutPerfume-1.png 629w, https:\/\/scentisperfumes.com\/wp-content\/uploads\/2025\/11\/NanotopiaBorntostandoutPerfume-1-300x190.png 300w\" sizes=\"(max-width: 629px) 100vw, 629px\" \/>\n\t\t\t<\/div><\/figure><figure class='gallery-item'>\n\t\t\t<div class='gallery-icon landscape'>\n\t\t\t\t<img loading=\"lazy\" decoding=\"async\" width=\"629\" height=\"399\" src=\"https:\/\/scentisperfumes.com\/wp-content\/uploads\/2025\/11\/Comporta-Perfumes-Banner-05-1.png\" class=\"attachment-full size-full\" alt=\"\" srcset=\"https:\/\/scentisperfumes.com\/wp-content\/uploads\/2025\/11\/Comporta-Perfumes-Banner-05-1.png 629w, https:\/\/scentisperfumes.com\/wp-content\/uploads\/2025\/11\/Comporta-Perfumes-Banner-05-1-300x190.png 300w\" sizes=\"(max-width: 629px) 100vw, 629px\" \/>\n\t\t\t<\/div><\/figure><figure class='gallery-item'>\n\t\t\t<div class='gallery-icon landscape'>\n\t\t\t\t<img loading=\"lazy\" decoding=\"async\" width=\"629\" height=\"399\" src=\"https:\/\/scentisperfumes.com\/wp-content\/uploads\/2025\/11\/MEMOIRE_ALL2024_1080X1920_446979cb-3f5a-4902-a3b2-038c8a587260-2.png\" class=\"attachment-full size-full\" alt=\"\" srcset=\"https:\/\/scentisperfumes.com\/wp-content\/uploads\/2025\/11\/MEMOIRE_ALL2024_1080X1920_446979cb-3f5a-4902-a3b2-038c8a587260-2.png 629w, https:\/\/scentisperfumes.com\/wp-content\/uploads\/2025\/11\/MEMOIRE_ALL2024_1080X1920_446979cb-3f5a-4902-a3b2-038c8a587260-2-300x190.png 300w\" sizes=\"(max-width: 629px) 100vw, 629px\" \/>\n\t\t\t<\/div><\/figure>\n\t\t<\/div>\n\t\t<\/div>\n\t\t\t\t\t\t<\/div>\n\t\t\t\t<\/div>\n\t\t\t\t<\/div>\n\t\t\t\t<\/div>\n\t\t","protected":false},"excerpt":{"rendered":"<p>Marcas Presentamos marcas que encarnan la excelencia, el saber hacer artesanal y una dedicaci\u00f3n genuina al arte del perfume. Nuestra selecci\u00f3n curada de perfumes celebra la creatividad y la pasi\u00f3n de cada casa, para brindarte las experiencias olfativas m\u00e1s exquisitas.<\/p>\n","protected":false},"author":2,"featured_media":0,"parent":0,"menu_order":0,"comment_status":"closed","ping_status":"closed","template":"","meta":{"footnotes":""},"class_list":["post-1896","page","type-page","status-publish","hentry"],"yoast_head":"<!-- This site is optimized with the Yoast SEO plugin v26.5 - https:\/\/yoast.com\/wordpress\/plugins\/seo\/ -->\n<title>Marcas - Scentis Perfumes<\/title>\n<meta name=\"description\" content=\"Presentamos marcas que encarnan la excelencia, el saber hacer artesanal y una dedicaci\u00f3n genuina al arte del perfume.\" \/>\n<meta name=\"robots\" content=\"index, follow, max-snippet:-1, max-image-preview:large, max-video-preview:-1\" \/>\n<link rel=\"canonical\" href=\"https:\/\/scentisperfumes.com\/es\/marcas\/\" \/>\n<meta property=\"og:locale\" content=\"es_ES\" \/>\n<meta property=\"og:type\" content=\"article\" \/>\n<meta property=\"og:title\" content=\"Marcas - Scentis Perfumes\" \/>\n<meta property=\"og:description\" content=\"Presentamos marcas que encarnan la excelencia, el saber hacer artesanal y una dedicaci\u00f3n genuina al arte del perfume.\" \/>\n<meta property=\"og:url\" content=\"https:\/\/scentisperfumes.com\/es\/marcas\/\" \/>\n<meta property=\"og:site_name\" content=\"Scentis Perfumes\" \/>\n<meta property=\"article:modified_time\" content=\"2025-12-04T08:15:43+00:00\" \/>\n<meta property=\"og:image\" content=\"https:\/\/scentisperfumes.com\/wp-content\/uploads\/2025\/12\/escentricmolecules_2.png\" \/>\n\t<meta property=\"og:image:width\" content=\"240\" \/>\n\t<meta property=\"og:image:height\" content=\"123\" \/>\n\t<meta property=\"og:image:type\" content=\"image\/png\" \/>\n<meta name=\"twitter:card\" content=\"summary_large_image\" \/>\n<meta name=\"twitter:label1\" content=\"Tiempo de lectura\" \/>\n\t<meta name=\"twitter:data1\" content=\"4 minutos\" \/>\n<script type=\"application\/ld+json\" class=\"yoast-schema-graph\">{\"@context\":\"https:\/\/schema.org\",\"@graph\":[{\"@type\":\"WebPage\",\"@id\":\"https:\/\/scentisperfumes.com\/es\/marcas\/\",\"url\":\"https:\/\/scentisperfumes.com\/es\/marcas\/\",\"name\":\"Marcas - Scentis Perfumes\",\"isPartOf\":{\"@id\":\"https:\/\/scentisperfumes.com\/es\/#website\"},\"primaryImageOfPage\":{\"@id\":\"https:\/\/scentisperfumes.com\/es\/marcas\/#primaryimage\"},\"image\":{\"@id\":\"https:\/\/scentisperfumes.com\/es\/marcas\/#primaryimage\"},\"thumbnailUrl\":\"https:\/\/scentisperfumes.com\/wp-content\/uploads\/2025\/12\/escentricmolecules_2.png\",\"datePublished\":\"2025-02-04T09:30:42+00:00\",\"dateModified\":\"2025-12-04T08:15:43+00:00\",\"description\":\"Presentamos marcas que encarnan la excelencia, el saber hacer artesanal y una dedicaci\u00f3n genuina al arte del perfume.\",\"breadcrumb\":{\"@id\":\"https:\/\/scentisperfumes.com\/es\/marcas\/#breadcrumb\"},\"inLanguage\":\"es\",\"potentialAction\":[{\"@type\":\"ReadAction\",\"target\":[\"https:\/\/scentisperfumes.com\/es\/marcas\/\"]}]},{\"@type\":\"ImageObject\",\"inLanguage\":\"es\",\"@id\":\"https:\/\/scentisperfumes.com\/es\/marcas\/#primaryimage\",\"url\":\"https:\/\/scentisperfumes.com\/wp-content\/uploads\/2025\/12\/escentricmolecules_2.png\",\"contentUrl\":\"https:\/\/scentisperfumes.com\/wp-content\/uploads\/2025\/12\/escentricmolecules_2.png\"},{\"@type\":\"BreadcrumbList\",\"@id\":\"https:\/\/scentisperfumes.com\/es\/marcas\/#breadcrumb\",\"itemListElement\":[{\"@type\":\"ListItem\",\"position\":1,\"name\":\"Portada\",\"item\":\"https:\/\/scentisperfumes.com\/es\/\"},{\"@type\":\"ListItem\",\"position\":2,\"name\":\"Marcas\"}]},{\"@type\":\"WebSite\",\"@id\":\"https:\/\/scentisperfumes.com\/es\/#website\",\"url\":\"https:\/\/scentisperfumes.com\/es\/\",\"name\":\"Scentis Perfumes\",\"description\":\"A fragrance, a story\",\"publisher\":{\"@id\":\"https:\/\/scentisperfumes.com\/es\/#organization\"},\"potentialAction\":[{\"@type\":\"SearchAction\",\"target\":{\"@type\":\"EntryPoint\",\"urlTemplate\":\"https:\/\/scentisperfumes.com\/es\/?s={search_term_string}\"},\"query-input\":{\"@type\":\"PropertyValueSpecification\",\"valueRequired\":true,\"valueName\":\"search_term_string\"}}],\"inLanguage\":\"es\"},{\"@type\":\"Organization\",\"@id\":\"https:\/\/scentisperfumes.com\/es\/#organization\",\"name\":\"Scentis Perfumes\",\"url\":\"https:\/\/scentisperfumes.com\/es\/\",\"logo\":{\"@type\":\"ImageObject\",\"inLanguage\":\"es\",\"@id\":\"https:\/\/scentisperfumes.com\/es\/#\/schema\/logo\/image\/\",\"url\":\"\",\"contentUrl\":\"\",\"caption\":\"Scentis Perfumes\"},\"image\":{\"@id\":\"https:\/\/scentisperfumes.com\/es\/#\/schema\/logo\/image\/\"}}]}<\/script>\n<!-- \/ Yoast SEO plugin. -->","yoast_head_json":{"title":"Marcas - Scentis Perfumes","description":"Presentamos marcas que encarnan la excelencia, el saber hacer artesanal y una dedicaci\u00f3n genuina al arte del perfume.","robots":{"index":"index","follow":"follow","max-snippet":"max-snippet:-1","max-image-preview":"max-image-preview:large","max-video-preview":"max-video-preview:-1"},"canonical":"https:\/\/scentisperfumes.com\/es\/marcas\/","og_locale":"es_ES","og_type":"article","og_title":"Marcas - Scentis Perfumes","og_description":"Presentamos marcas que encarnan la excelencia, el saber hacer artesanal y una dedicaci\u00f3n genuina al arte del perfume.","og_url":"https:\/\/scentisperfumes.com\/es\/marcas\/","og_site_name":"Scentis Perfumes","article_modified_time":"2025-12-04T08:15:43+00:00","og_image":[{"width":240,"height":123,"url":"https:\/\/scentisperfumes.com\/wp-content\/uploads\/2025\/12\/escentricmolecules_2.png","type":"image\/png"}],"twitter_card":"summary_large_image","twitter_misc":{"Tiempo de lectura":"4 minutos"},"schema":{"@context":"https:\/\/schema.org","@graph":[{"@type":"WebPage","@id":"https:\/\/scentisperfumes.com\/es\/marcas\/","url":"https:\/\/scentisperfumes.com\/es\/marcas\/","name":"Marcas - Scentis Perfumes","isPartOf":{"@id":"https:\/\/scentisperfumes.com\/es\/#website"},"primaryImageOfPage":{"@id":"https:\/\/scentisperfumes.com\/es\/marcas\/#primaryimage"},"image":{"@id":"https:\/\/scentisperfumes.com\/es\/marcas\/#primaryimage"},"thumbnailUrl":"https:\/\/scentisperfumes.com\/wp-content\/uploads\/2025\/12\/escentricmolecules_2.png","datePublished":"2025-02-04T09:30:42+00:00","dateModified":"2025-12-04T08:15:43+00:00","description":"Presentamos marcas que encarnan la excelencia, el saber hacer artesanal y una dedicaci\u00f3n genuina al arte del perfume.","breadcrumb":{"@id":"https:\/\/scentisperfumes.com\/es\/marcas\/#breadcrumb"},"inLanguage":"es","potentialAction":[{"@type":"ReadAction","target":["https:\/\/scentisperfumes.com\/es\/marcas\/"]}]},{"@type":"ImageObject","inLanguage":"es","@id":"https:\/\/scentisperfumes.com\/es\/marcas\/#primaryimage","url":"https:\/\/scentisperfumes.com\/wp-content\/uploads\/2025\/12\/escentricmolecules_2.png","contentUrl":"https:\/\/scentisperfumes.com\/wp-content\/uploads\/2025\/12\/escentricmolecules_2.png"},{"@type":"BreadcrumbList","@id":"https:\/\/scentisperfumes.com\/es\/marcas\/#breadcrumb","itemListElement":[{"@type":"ListItem","position":1,"name":"Portada","item":"https:\/\/scentisperfumes.com\/es\/"},{"@type":"ListItem","position":2,"name":"Marcas"}]},{"@type":"WebSite","@id":"https:\/\/scentisperfumes.com\/es\/#website","url":"https:\/\/scentisperfumes.com\/es\/","name":"Scentis Perfumes","description":"A fragrance, a story","publisher":{"@id":"https:\/\/scentisperfumes.com\/es\/#organization"},"potentialAction":[{"@type":"SearchAction","target":{"@type":"EntryPoint","urlTemplate":"https:\/\/scentisperfumes.com\/es\/?s={search_term_string}"},"query-input":{"@type":"PropertyValueSpecification","valueRequired":true,"valueName":"search_term_string"}}],"inLanguage":"es"},{"@type":"Organization","@id":"https:\/\/scentisperfumes.com\/es\/#organization","name":"Scentis Perfumes","url":"https:\/\/scentisperfumes.com\/es\/","logo":{"@type":"ImageObject","inLanguage":"es","@id":"https:\/\/scentisperfumes.com\/es\/#\/schema\/logo\/image\/","url":"","contentUrl":"","caption":"Scentis Perfumes"},"image":{"@id":"https:\/\/scentisperfumes.com\/es\/#\/schema\/logo\/image\/"}}]}},"_links":{"self":[{"href":"https:\/\/scentisperfumes.com\/es\/wp-json\/wp\/v2\/pages\/1896","targetHints":{"allow":["GET"]}}],"collection":[{"href":"https:\/\/scentisperfumes.com\/es\/wp-json\/wp\/v2\/pages"}],"about":[{"href":"https:\/\/scentisperfumes.com\/es\/wp-json\/wp\/v2\/types\/page"}],"author":[{"embeddable":true,"href":"https:\/\/scentisperfumes.com\/es\/wp-json\/wp\/v2\/users\/2"}],"replies":[{"embeddable":true,"href":"https:\/\/scentisperfumes.com\/es\/wp-json\/wp\/v2\/comments?post=1896"}],"version-history":[{"count":45,"href":"https:\/\/scentisperfumes.com\/es\/wp-json\/wp\/v2\/pages\/1896\/revisions"}],"predecessor-version":[{"id":3103,"href":"https:\/\/scentisperfumes.com\/es\/wp-json\/wp\/v2\/pages\/1896\/revisions\/3103"}],"wp:attachment":[{"href":"https:\/\/scentisperfumes.com\/es\/wp-json\/wp\/v2\/media?parent=1896"}],"curies":[{"name":"wp","href":"https:\/\/api.w.org\/{rel}","templated":true}]}}