{"id":1875,"date":"2025-02-10T12:06:10","date_gmt":"2025-02-10T11:06:10","guid":{"rendered":"https:\/\/scentisperfumes.com\/sobre-nosotros\/"},"modified":"2026-04-21T11:56:04","modified_gmt":"2026-04-21T09:56:04","slug":"sobre-nosotros","status":"publish","type":"page","link":"https:\/\/scentisperfumes.com\/es\/sobre-nosotros\/","title":{"rendered":"Sobre nosotros"},"content":{"rendered":"\t\t<div data-elementor-type=\"wp-page\" data-elementor-id=\"1875\" class=\"elementor elementor-1875 elementor-637\" data-elementor-post-type=\"page\">\n\t\t\t\t<div class=\"elementor-element elementor-element-1c8752a e-con-full e-flex e-con e-parent\" data-id=\"1c8752a\" data-element_type=\"container\" data-settings=\"{&quot;background_background&quot;:&quot;classic&quot;}\">\n\t\t\t\t<\/div>\n\t\t<div class=\"elementor-element elementor-element-6f18486 e-flex e-con-boxed e-con e-parent\" data-id=\"6f18486\" data-element_type=\"container\">\n\t\t\t\t\t<div class=\"e-con-inner\">\n\t\t\t\t<div class=\"elementor-element elementor-element-9bb86bb elementor-widget elementor-widget-heading\" data-id=\"9bb86bb\" data-element_type=\"widget\" data-widget_type=\"heading.default\">\n\t\t\t\t<div class=\"elementor-widget-container\">\n\t\t\t\t\t<h1 class=\"elementor-heading-title elementor-size-default\">Nuestra historia<\/h1>\t\t\t\t<\/div>\n\t\t\t\t<\/div>\n\t\t\t\t\t<\/div>\n\t\t\t\t<\/div>\n\t\t<div class=\"elementor-element elementor-element-2771900 e-flex e-con-boxed e-con e-parent\" data-id=\"2771900\" data-element_type=\"container\">\n\t\t\t\t\t<div class=\"e-con-inner\">\n\t\t\t\t<div class=\"elementor-element elementor-element-05514a7 elementor-widget elementor-widget-text-editor\" data-id=\"05514a7\" data-element_type=\"widget\" data-widget_type=\"text-editor.default\">\n\t\t\t\t<div class=\"elementor-widget-container\">\n\t\t\t\t\t\t\t\t\t<p><strong>Scentis Perfumes<\/strong> naci\u00f3 de la escucha y de la voluntad de responder a las necesidades del sector. Durante a\u00f1os, distintos actores de la perfumer\u00eda nos transmitieron la misma inquietud: ampliar nuestra experiencia m\u00e1s all\u00e1 de <strong>Monegal Perfumes<\/strong>.<\/p><p>Algunos distribuidores nacionales, satisfechos con nuestra gesti\u00f3n comercial, nos animaron a representar nuevas firmas, mientras que varias casas internacionales mostraron su inter\u00e9s en que las acompa\u00f1\u00e1ramos en su expansi\u00f3n por Espa\u00f1a y Portugal.<\/p><p>Con la convicci\u00f3n de mantener la independencia y la identidad de <strong>Monegal Perfumes<\/strong>, la familia\u00a0 impuls\u00f3 la creaci\u00f3n de <strong>Scentis Perfumes<\/strong>, un proyecto que tom\u00f3 forma a mediados de 2023.<\/p>\t\t\t\t\t\t\t\t<\/div>\n\t\t\t\t<\/div>\n\t\t\t\t\t<\/div>\n\t\t\t\t<\/div>\n\t\t<div class=\"elementor-element elementor-element-110bda4 e-flex e-con-boxed e-con e-parent\" data-id=\"110bda4\" data-element_type=\"container\">\n\t\t\t\t\t<div class=\"e-con-inner\">\n\t\t<div class=\"elementor-element elementor-element-e8cbf41 e-con-full e-flex e-con e-child\" data-id=\"e8cbf41\" data-element_type=\"container\">\n\t\t\t\t<div class=\"elementor-element elementor-element-f9e743e elementor-widget elementor-widget-text-editor\" data-id=\"f9e743e\" data-element_type=\"widget\" data-widget_type=\"text-editor.default\">\n\t\t\t\t<div class=\"elementor-widget-container\">\n\t\t\t\t\t\t\t\t\t<p>En <strong>Scentis Perfumes<\/strong>, la esencia de nuestro trabajo es ofrecer una formaci\u00f3n completa sobre perfumes y sobre todo lo que rodea al universo de las fragancias.<\/p>\t\t\t\t\t\t\t\t<\/div>\n\t\t\t\t<\/div>\n\t\t\t\t<\/div>\n\t\t<div class=\"elementor-element elementor-element-1a55192 e-con-full e-flex elementor-invisible e-con e-child\" data-id=\"1a55192\" data-element_type=\"container\" data-settings=\"{&quot;animation&quot;:&quot;fadeInRight&quot;}\">\n\t\t\t\t<div class=\"elementor-element elementor-element-0c2c70d elementor-widget elementor-widget-image\" data-id=\"0c2c70d\" data-element_type=\"widget\" data-widget_type=\"image.default\">\n\t\t\t\t<div class=\"elementor-widget-container\">\n\t\t\t\t\t\t\t\t\t\t\t\t\t\t\t<img decoding=\"async\" src=\"https:\/\/scentisperfumes.com\/wp-content\/uploads\/2025\/11\/company2-bg.jpg\" title=\"\" alt=\"\" loading=\"lazy\" \/>\t\t\t\t\t\t\t\t\t\t\t\t\t\t\t<\/div>\n\t\t\t\t<\/div>\n\t\t\t\t<\/div>\n\t\t\t\t\t<\/div>\n\t\t\t\t<\/div>\n\t\t<div class=\"elementor-element elementor-element-de4e25d e-flex e-con-boxed e-con e-parent\" data-id=\"de4e25d\" data-element_type=\"container\">\n\t\t\t\t\t<div class=\"e-con-inner\">\n\t\t<div class=\"elementor-element elementor-element-ff9a40c e-con-full e-flex elementor-invisible e-con e-child\" data-id=\"ff9a40c\" data-element_type=\"container\" data-settings=\"{&quot;animation&quot;:&quot;fadeInLeft&quot;}\">\n\t\t\t\t<div class=\"elementor-element elementor-element-3c7d732 elementor-widget elementor-widget-image\" data-id=\"3c7d732\" data-element_type=\"widget\" data-widget_type=\"image.default\">\n\t\t\t\t<div class=\"elementor-widget-container\">\n\t\t\t\t\t\t\t\t\t\t\t\t\t\t\t<img decoding=\"async\" src=\"https:\/\/scentisperfumes.com\/wp-content\/uploads\/2025\/11\/company3-bg.jpg\" title=\"\" alt=\"\" loading=\"lazy\" \/>\t\t\t\t\t\t\t\t\t\t\t\t\t\t\t<\/div>\n\t\t\t\t<\/div>\n\t\t\t\t<\/div>\n\t\t<div class=\"elementor-element elementor-element-a57d39d e-con-full e-flex e-con e-child\" data-id=\"a57d39d\" data-element_type=\"container\">\n\t\t\t\t<div class=\"elementor-element elementor-element-11ed6b9 elementor-widget elementor-widget-text-editor\" data-id=\"11ed6b9\" data-element_type=\"widget\" data-widget_type=\"text-editor.default\">\n\t\t\t\t<div class=\"elementor-widget-container\">\n\t\t\t\t\t\t\t\t\t<p>Creemos en la importancia del di\u00e1logo con el cliente y en la capacidad de adaptarnos a cada propuesta de colaboraci\u00f3n, porque entendemos la distribuci\u00f3n como una relaci\u00f3n de confianza y conocimiento compartido.<\/p>\t\t\t\t\t\t\t\t<\/div>\n\t\t\t\t<\/div>\n\t\t\t\t<\/div>\n\t\t\t\t\t<\/div>\n\t\t\t\t<\/div>\n\t\t<div class=\"elementor-element elementor-element-83b41c1 e-flex e-con-boxed e-con e-parent\" data-id=\"83b41c1\" data-element_type=\"container\">\n\t\t\t\t\t<div class=\"e-con-inner\">\n\t\t<div class=\"elementor-element elementor-element-7623153 e-con-full e-flex e-con e-child\" data-id=\"7623153\" data-element_type=\"container\">\n\t\t\t\t<div class=\"elementor-element elementor-element-fdf4dbe elementor-widget elementor-widget-text-editor\" data-id=\"fdf4dbe\" data-element_type=\"widget\" data-widget_type=\"text-editor.default\">\n\t\t\t\t<div class=\"elementor-widget-container\">\n\t\t\t\t\t\t\t\t\t<p>Gracias a la experiencia global adquirida a trav\u00e9s de la gesti\u00f3n de <strong>Monegal Perfumes<\/strong>, las marcas que conf\u00edan en <strong>Scentis Perfumes<\/strong> encuentran un socio que comprende su realidad como fabricante y que comparte su misma pasi\u00f3n por la calidad, la creatividad y la autenticidad.<\/p>\t\t\t\t\t\t\t\t<\/div>\n\t\t\t\t<\/div>\n\t\t\t\t<\/div>\n\t\t<div class=\"elementor-element elementor-element-f2c38b2 e-con-full e-flex elementor-invisible e-con e-child\" data-id=\"f2c38b2\" data-element_type=\"container\" data-settings=\"{&quot;animation&quot;:&quot;fadeInRight&quot;}\">\n\t\t\t\t<div class=\"elementor-element elementor-element-e574eb4 elementor-widget elementor-widget-image\" data-id=\"e574eb4\" data-element_type=\"widget\" data-widget_type=\"image.default\">\n\t\t\t\t<div class=\"elementor-widget-container\">\n\t\t\t\t\t\t\t\t\t\t\t\t\t\t\t<img fetchpriority=\"high\" decoding=\"async\" width=\"573\" height=\"407\" src=\"https:\/\/scentisperfumes.com\/wp-content\/uploads\/2025\/11\/scentis-perfumes.jpg\" class=\"attachment-large size-large wp-image-2734\" alt=\"\" srcset=\"https:\/\/scentisperfumes.com\/wp-content\/uploads\/2025\/11\/scentis-perfumes.jpg 573w, https:\/\/scentisperfumes.com\/wp-content\/uploads\/2025\/11\/scentis-perfumes-300x213.jpg 300w\" sizes=\"(max-width: 573px) 100vw, 573px\" \/>\t\t\t\t\t\t\t\t\t\t\t\t\t\t\t<\/div>\n\t\t\t\t<\/div>\n\t\t\t\t<\/div>\n\t\t\t\t\t<\/div>\n\t\t\t\t<\/div>\n\t\t\t\t<\/div>\n\t\t","protected":false},"excerpt":{"rendered":"<p>Nuestra historia Scentis Perfumes naci\u00f3 de la escucha y de la voluntad de responder a las necesidades del sector. Durante a\u00f1os, distintos actores de la perfumer\u00eda nos transmitieron la misma inquietud: ampliar nuestra experiencia m\u00e1s all\u00e1 de Monegal Perfumes. Algunos distribuidores nacionales, satisfechos con nuestra gesti\u00f3n comercial, nos animaron a representar nuevas firmas, mientras que [&hellip;]<\/p>\n","protected":false},"author":2,"featured_media":0,"parent":0,"menu_order":0,"comment_status":"closed","ping_status":"closed","template":"","meta":{"footnotes":""},"class_list":["post-1875","page","type-page","status-publish","hentry"],"yoast_head":"<!-- This site is optimized with the Yoast SEO plugin v26.5 - https:\/\/yoast.com\/wordpress\/plugins\/seo\/ -->\n<title>Sobre nosotros - Scentis Perfumes<\/title>\n<meta name=\"description\" content=\"En Scentis, un perfume es la llave a un universo de autenticidad y car\u00e1cter. Con m\u00e1s de un siglo de tradici\u00f3n en el arte de la perfumer\u00eda, colaboramos con las marcas m\u00e1s prestigiosas para ofrecer creaciones magistrales, dise\u00f1adas para quienes valoran lo extraordinario.\" \/>\n<meta name=\"robots\" content=\"index, follow, max-snippet:-1, max-image-preview:large, max-video-preview:-1\" \/>\n<link rel=\"canonical\" href=\"https:\/\/scentisperfumes.com\/es\/sobre-nosotros\/\" \/>\n<meta property=\"og:locale\" content=\"es_ES\" \/>\n<meta property=\"og:type\" content=\"article\" \/>\n<meta property=\"og:title\" content=\"Sobre nosotros - Scentis Perfumes\" \/>\n<meta property=\"og:description\" content=\"En Scentis, un perfume es la llave a un universo de autenticidad y car\u00e1cter. Con m\u00e1s de un siglo de tradici\u00f3n en el arte de la perfumer\u00eda, colaboramos con las marcas m\u00e1s prestigiosas para ofrecer creaciones magistrales, dise\u00f1adas para quienes valoran lo extraordinario.\" \/>\n<meta property=\"og:url\" content=\"https:\/\/scentisperfumes.com\/es\/sobre-nosotros\/\" \/>\n<meta property=\"og:site_name\" content=\"Scentis Perfumes\" \/>\n<meta property=\"article:modified_time\" content=\"2026-04-21T09:56:04+00:00\" \/>\n<meta property=\"og:image\" content=\"https:\/\/scentisperfumes.com\/wp-content\/uploads\/2025\/11\/company2-bg.jpg\" \/>\n<meta name=\"twitter:card\" content=\"summary_large_image\" \/>\n<meta name=\"twitter:label1\" content=\"Tiempo de lectura\" \/>\n\t<meta name=\"twitter:data1\" content=\"2 minutos\" \/>\n<script type=\"application\/ld+json\" class=\"yoast-schema-graph\">{\"@context\":\"https:\/\/schema.org\",\"@graph\":[{\"@type\":\"WebPage\",\"@id\":\"https:\/\/scentisperfumes.com\/es\/sobre-nosotros\/\",\"url\":\"https:\/\/scentisperfumes.com\/es\/sobre-nosotros\/\",\"name\":\"Sobre nosotros - Scentis Perfumes\",\"isPartOf\":{\"@id\":\"https:\/\/scentisperfumes.com\/es\/#website\"},\"primaryImageOfPage\":{\"@id\":\"https:\/\/scentisperfumes.com\/es\/sobre-nosotros\/#primaryimage\"},\"image\":{\"@id\":\"https:\/\/scentisperfumes.com\/es\/sobre-nosotros\/#primaryimage\"},\"thumbnailUrl\":\"https:\/\/scentisperfumes.com\/wp-content\/uploads\/2025\/11\/company2-bg.jpg\",\"datePublished\":\"2025-02-10T11:06:10+00:00\",\"dateModified\":\"2026-04-21T09:56:04+00:00\",\"description\":\"En Scentis, un perfume es la llave a un universo de autenticidad y car\u00e1cter. Con m\u00e1s de un siglo de tradici\u00f3n en el arte de la perfumer\u00eda, colaboramos con las marcas m\u00e1s prestigiosas para ofrecer creaciones magistrales, dise\u00f1adas para quienes valoran lo extraordinario.\",\"breadcrumb\":{\"@id\":\"https:\/\/scentisperfumes.com\/es\/sobre-nosotros\/#breadcrumb\"},\"inLanguage\":\"es\",\"potentialAction\":[{\"@type\":\"ReadAction\",\"target\":[\"https:\/\/scentisperfumes.com\/es\/sobre-nosotros\/\"]}]},{\"@type\":\"ImageObject\",\"inLanguage\":\"es\",\"@id\":\"https:\/\/scentisperfumes.com\/es\/sobre-nosotros\/#primaryimage\",\"url\":\"https:\/\/scentisperfumes.com\/wp-content\/uploads\/2025\/11\/company2-bg.jpg\",\"contentUrl\":\"https:\/\/scentisperfumes.com\/wp-content\/uploads\/2025\/11\/company2-bg.jpg\"},{\"@type\":\"BreadcrumbList\",\"@id\":\"https:\/\/scentisperfumes.com\/es\/sobre-nosotros\/#breadcrumb\",\"itemListElement\":[{\"@type\":\"ListItem\",\"position\":1,\"name\":\"Portada\",\"item\":\"https:\/\/scentisperfumes.com\/es\/\"},{\"@type\":\"ListItem\",\"position\":2,\"name\":\"Sobre nosotros\"}]},{\"@type\":\"WebSite\",\"@id\":\"https:\/\/scentisperfumes.com\/es\/#website\",\"url\":\"https:\/\/scentisperfumes.com\/es\/\",\"name\":\"Scentis Perfumes\",\"description\":\"A fragrance, a story\",\"publisher\":{\"@id\":\"https:\/\/scentisperfumes.com\/es\/#organization\"},\"potentialAction\":[{\"@type\":\"SearchAction\",\"target\":{\"@type\":\"EntryPoint\",\"urlTemplate\":\"https:\/\/scentisperfumes.com\/es\/?s={search_term_string}\"},\"query-input\":{\"@type\":\"PropertyValueSpecification\",\"valueRequired\":true,\"valueName\":\"search_term_string\"}}],\"inLanguage\":\"es\"},{\"@type\":\"Organization\",\"@id\":\"https:\/\/scentisperfumes.com\/es\/#organization\",\"name\":\"Scentis Perfumes\",\"url\":\"https:\/\/scentisperfumes.com\/es\/\",\"logo\":{\"@type\":\"ImageObject\",\"inLanguage\":\"es\",\"@id\":\"https:\/\/scentisperfumes.com\/es\/#\/schema\/logo\/image\/\",\"url\":\"\",\"contentUrl\":\"\",\"caption\":\"Scentis Perfumes\"},\"image\":{\"@id\":\"https:\/\/scentisperfumes.com\/es\/#\/schema\/logo\/image\/\"}}]}<\/script>\n<!-- \/ Yoast SEO plugin. -->","yoast_head_json":{"title":"Sobre nosotros - Scentis Perfumes","description":"En Scentis, un perfume es la llave a un universo de autenticidad y car\u00e1cter. Con m\u00e1s de un siglo de tradici\u00f3n en el arte de la perfumer\u00eda, colaboramos con las marcas m\u00e1s prestigiosas para ofrecer creaciones magistrales, dise\u00f1adas para quienes valoran lo extraordinario.","robots":{"index":"index","follow":"follow","max-snippet":"max-snippet:-1","max-image-preview":"max-image-preview:large","max-video-preview":"max-video-preview:-1"},"canonical":"https:\/\/scentisperfumes.com\/es\/sobre-nosotros\/","og_locale":"es_ES","og_type":"article","og_title":"Sobre nosotros - Scentis Perfumes","og_description":"En Scentis, un perfume es la llave a un universo de autenticidad y car\u00e1cter. Con m\u00e1s de un siglo de tradici\u00f3n en el arte de la perfumer\u00eda, colaboramos con las marcas m\u00e1s prestigiosas para ofrecer creaciones magistrales, dise\u00f1adas para quienes valoran lo extraordinario.","og_url":"https:\/\/scentisperfumes.com\/es\/sobre-nosotros\/","og_site_name":"Scentis Perfumes","article_modified_time":"2026-04-21T09:56:04+00:00","og_image":[{"url":"https:\/\/scentisperfumes.com\/wp-content\/uploads\/2025\/11\/company2-bg.jpg","type":"","width":"","height":""}],"twitter_card":"summary_large_image","twitter_misc":{"Tiempo de lectura":"2 minutos"},"schema":{"@context":"https:\/\/schema.org","@graph":[{"@type":"WebPage","@id":"https:\/\/scentisperfumes.com\/es\/sobre-nosotros\/","url":"https:\/\/scentisperfumes.com\/es\/sobre-nosotros\/","name":"Sobre nosotros - Scentis Perfumes","isPartOf":{"@id":"https:\/\/scentisperfumes.com\/es\/#website"},"primaryImageOfPage":{"@id":"https:\/\/scentisperfumes.com\/es\/sobre-nosotros\/#primaryimage"},"image":{"@id":"https:\/\/scentisperfumes.com\/es\/sobre-nosotros\/#primaryimage"},"thumbnailUrl":"https:\/\/scentisperfumes.com\/wp-content\/uploads\/2025\/11\/company2-bg.jpg","datePublished":"2025-02-10T11:06:10+00:00","dateModified":"2026-04-21T09:56:04+00:00","description":"En Scentis, un perfume es la llave a un universo de autenticidad y car\u00e1cter. Con m\u00e1s de un siglo de tradici\u00f3n en el arte de la perfumer\u00eda, colaboramos con las marcas m\u00e1s prestigiosas para ofrecer creaciones magistrales, dise\u00f1adas para quienes valoran lo extraordinario.","breadcrumb":{"@id":"https:\/\/scentisperfumes.com\/es\/sobre-nosotros\/#breadcrumb"},"inLanguage":"es","potentialAction":[{"@type":"ReadAction","target":["https:\/\/scentisperfumes.com\/es\/sobre-nosotros\/"]}]},{"@type":"ImageObject","inLanguage":"es","@id":"https:\/\/scentisperfumes.com\/es\/sobre-nosotros\/#primaryimage","url":"https:\/\/scentisperfumes.com\/wp-content\/uploads\/2025\/11\/company2-bg.jpg","contentUrl":"https:\/\/scentisperfumes.com\/wp-content\/uploads\/2025\/11\/company2-bg.jpg"},{"@type":"BreadcrumbList","@id":"https:\/\/scentisperfumes.com\/es\/sobre-nosotros\/#breadcrumb","itemListElement":[{"@type":"ListItem","position":1,"name":"Portada","item":"https:\/\/scentisperfumes.com\/es\/"},{"@type":"ListItem","position":2,"name":"Sobre nosotros"}]},{"@type":"WebSite","@id":"https:\/\/scentisperfumes.com\/es\/#website","url":"https:\/\/scentisperfumes.com\/es\/","name":"Scentis Perfumes","description":"A fragrance, a story","publisher":{"@id":"https:\/\/scentisperfumes.com\/es\/#organization"},"potentialAction":[{"@type":"SearchAction","target":{"@type":"EntryPoint","urlTemplate":"https:\/\/scentisperfumes.com\/es\/?s={search_term_string}"},"query-input":{"@type":"PropertyValueSpecification","valueRequired":true,"valueName":"search_term_string"}}],"inLanguage":"es"},{"@type":"Organization","@id":"https:\/\/scentisperfumes.com\/es\/#organization","name":"Scentis Perfumes","url":"https:\/\/scentisperfumes.com\/es\/","logo":{"@type":"ImageObject","inLanguage":"es","@id":"https:\/\/scentisperfumes.com\/es\/#\/schema\/logo\/image\/","url":"","contentUrl":"","caption":"Scentis Perfumes"},"image":{"@id":"https:\/\/scentisperfumes.com\/es\/#\/schema\/logo\/image\/"}}]}},"_links":{"self":[{"href":"https:\/\/scentisperfumes.com\/es\/wp-json\/wp\/v2\/pages\/1875","targetHints":{"allow":["GET"]}}],"collection":[{"href":"https:\/\/scentisperfumes.com\/es\/wp-json\/wp\/v2\/pages"}],"about":[{"href":"https:\/\/scentisperfumes.com\/es\/wp-json\/wp\/v2\/types\/page"}],"author":[{"embeddable":true,"href":"https:\/\/scentisperfumes.com\/es\/wp-json\/wp\/v2\/users\/2"}],"replies":[{"embeddable":true,"href":"https:\/\/scentisperfumes.com\/es\/wp-json\/wp\/v2\/comments?post=1875"}],"version-history":[{"count":41,"href":"https:\/\/scentisperfumes.com\/es\/wp-json\/wp\/v2\/pages\/1875\/revisions"}],"predecessor-version":[{"id":3330,"href":"https:\/\/scentisperfumes.com\/es\/wp-json\/wp\/v2\/pages\/1875\/revisions\/3330"}],"wp:attachment":[{"href":"https:\/\/scentisperfumes.com\/es\/wp-json\/wp\/v2\/media?parent=1875"}],"curies":[{"name":"wp","href":"https:\/\/api.w.org\/{rel}","templated":true}]}}